{"id":9363,"date":"2023-04-17T09:00:26","date_gmt":"2023-04-17T07:00:26","guid":{"rendered":"https:\/\/osknezak.splet.arnes.si\/?page_id=9363"},"modified":"2025-02-06T17:06:21","modified_gmt":"2025-02-06T16:06:21","slug":"izjava-zdsma","status":"publish","type":"page","link":"https:\/\/osknezak.splet.arnes.si\/?page_id=9363","title":{"rendered":"Izjava ZDSMA"},"content":{"rendered":"\n<h2 class=\"wp-block-heading\"><strong>Izjava o dostopnosti<\/strong><\/h2>\n\n\n\n<p>Ta izjava o dostopnosti se nana\u0161a na spleti\u0161\u010de <a href=\"https:\/\/www.os-knezak.si\/\">os-knezak.si<\/a>.<\/p>\n\n\n\n<p>Osnovna \u0161ola Toneta Tom\u0161i\u010da Kne\u017eak se zavezuje omogo\u010dati dostopnost svojega spleti\u0161\u010da v skladu z <a href=\"http:\/\/www.pisrs.si\/Pis.web\/pregledPredpisa?id=ZAKO7718\">Zakonom o dostopnosti spleti\u0161\u010d in mobilnih aplikacij vsem uporabnikom<\/a>.<\/p>\n\n\n\n<h3 class=\"wp-block-heading\"><strong>Stopnja skladnosti<\/strong><\/h3>\n\n\n\n<p>Ocenjujemo, da je spleti\u0161\u010de <a href=\"https:\/\/www.os-knezak.si\/\">os-knezak.si<\/a> dostopno in delno skladno z Zakonom o dostopnosti spleti\u0161\u010d in mobilnih aplikacij.<\/p>\n\n\n\n<p>Ne glede na dolo\u010dena odstopanja ali izjeme, posku\u0161amo oblikovati tudi vse ostale vsebine tako, da bi bile v \u010dim ve\u010dji meri dostopne za vse. Tega pa ne moremo v celoti zagotoviti zaradi izjem, navedenih pod poglavjem Nedostopna vsebina.<\/p>\n\n\n\n<p>Ta izjava o dostopnosti se nana\u0161a na celotno spletno stran.<\/p>\n\n\n\n<p>Na spletni strani je dodana funkcionalnost z vti\u010dnikom\u00a0<strong>AccessibleWP<\/strong>\u00a0na stopnji AA (WCAG 2.0), ki je skladna s standardom SIST EN 301 549 V1.1.2, ki je zahtevan v ZDSMA, ki jih lahko uporabljajo osebe z razli\u010dnimi oblikami oviranosti.\u00a0<\/p>\n\n\n\n<p>Na kak\u0161en na\u010din je omogo\u010deno zaznavanje predstavljene vsebine (zaznavanje)?<\/p>\n\n\n\n<ul class=\"wp-block-list\">\n<li>Omogo\u010dena uporaba razli\u010dnih ravni naslovov.<\/li>\n\n\n\n<li>Velikost besedila se v brskalniku lahko spreminja brez izgube informacij in strukture (ctrl+plus, ctrl+minus).<\/li>\n\n\n\n<li>Razmerje kontrasta med besedilom in ozadjem je prilagodljivo.<\/li>\n\n\n\n<li>Vidnost se lahko prilagaja tudi preko namenskega menija.<\/li>\n\n\n\n<li>Odzivno oblikovanje oz. prilagajanje postavitve vsebine zaslonu.<\/li>\n<\/ul>\n\n\n\n<p>Kak\u0161ne so mo\u017enosti upravljanja uporabni\u0161kega vmesnika (operabilnost)?<\/p>\n\n\n\n<ul class=\"wp-block-list\">\n<li>Vse funkcionalnosti so dostopne s tipkovnico.<\/li>\n\n\n\n<li>Vsebine niso \u010dasovno omejene.<\/li>\n\n\n\n<li>Izogibamo se vsebinam, ki povzro\u010dajo napade.<\/li>\n\n\n\n<li>Za iskanje vsebin na spleti\u0161\u010du je na voljo polje za iskanje.<\/li>\n\n\n\n<li>Vsebine so organizirane v menijih.<\/li>\n\n\n\n<li>Omogo\u010den je preskok vseh menijev do glavne vsebine.<\/li>\n\n\n\n<li>Vsebina je strukturirana z uporabo ozna\u010denih naslovov.<\/li>\n\n\n\n<li>Uporabljamo logi\u010dna imena povezav.<\/li>\n<\/ul>\n\n\n\n<p>Je vsebina in na\u010din dela z uporabni\u0161kim vmesnikom razumljiva za uporabnike (razumljivost)?<\/p>\n\n\n\n<ul class=\"wp-block-list\">\n<li>Besedilo je berljivo in razumljivo.<\/li>\n\n\n\n<li>Izogibamo se kompleksnim besedilom.<\/li>\n\n\n\n<li>Uporaba navigacije je konsistentna in se ne spreminja med stranmi.<\/li>\n<\/ul>\n\n\n\n<p>Je do vsebine mo\u017eno dostopati na razli\u010dnih napravah (robustnost)?<\/p>\n\n\n\n<ul class=\"wp-block-list\">\n<li>Uporabniki lahko vsebine pregledujejo na razli\u010dnih napravah (ra\u010dunalnik, tablica, pametni telefon).<\/li>\n\n\n\n<li>Uporabniki lahko vsebine pregledujejo v razli\u010dnih brskalnikih (na primer Google Chrome, Safari).<\/li>\n\n\n\n<li>Uporabniki lahko vsebine pregledujejo s pomo\u010djo podporne tehnologije.<\/li>\n<\/ul>\n\n\n\n<h3 class=\"wp-block-heading\"><strong>Priprava izjave o dostopnosti<\/strong><\/h3>\n\n\n\n<p>Ta izjava je bila pripravljena 14. 4. 2023 na podlagi samoocene.<\/p>\n\n\n\n<p>Izjava je bila nazadnje pregledana 6. 2. 2025.<\/p>\n\n\n\n<h3 class=\"wp-block-heading\"><strong>Povratne in kontaktne informacije<\/strong><\/h3>\n\n\n\n<p>Vsebine se na spleti\u0161\u010du pogosto posodabljajo. Kljub prizadevanjem, da bi bile \u010dim bolj dostopne in uporabnikom prijazne, lahko obiskovalci spleti\u0161\u010da naletijo na te\u017eave z dostopnostjo.<\/p>\n\n\n\n<p>Obvestilo o morebitnih primerih neskladnosti objav z dolo\u010dili Zakona o dostopnosti spleti\u0161\u010d in mobilnih aplikacij in zahteve po posredovanju informacij v dostopni obliki lahko po\u0161ljete po navadni ali elektronski po\u0161ti na naslov Osnovne \u0161ole Toneta Tom\u0161i\u010da Kne\u017eak.<\/p>\n\n\n\n<p>Odgovor boste prejeli v roku osmih dni od prejema obvestila oziroma pro\u0161nje. \u010ce v tem roku ne bomo mogli podati ustreznega odgovora, vam bomo sporo\u010dili, kdaj bo odgovor podan in razloge za zakasnitev odgovora.<\/p>\n\n\n\n<h3 class=\"wp-block-heading\"><strong>Izvr\u0161ilni postopek<\/strong><\/h3>\n\n\n\n<p>V primeru nezadovoljivih odgovorov na katero koli obvestilo ali zahtevo, poslano v skladu z 8. \u010dlenom Zakona o dostopnosti spleti\u0161\u010d in mobilnih aplikacij, lahko podate prijavo in\u0161pektorjem za informacijsko dru\u017ebo po navadni ali elektronski po\u0161ti na naslov:<\/p>\n\n\n\n<p><strong>Ministrstvo za digitalno preobrazbo<\/strong><\/p>\n\n\n\n<p><strong>In\u0161pektorat republike slovenije za Informacijsko dru\u017ebo<\/strong><\/p>\n\n\n\n<p><strong>Dav\u010dna ulica 1<\/strong><\/p>\n\n\n\n<p><strong>1000 Ljubljana<\/strong><\/p>\n\n\n\n<p>Telefon: <strong>01 555 58 48<\/strong><\/p>\n\n\n\n<p>Elektronska po\u0161ta: <a href=\"mailto:gp.irsid@gov.si\">gp.irsid@gov.si<\/a><\/p>\n\n\n\n<h3 class=\"wp-block-heading\"><strong>Nedostopna vsebina na spletnem mestu<\/strong><\/h3>\n\n\n\n<p>Dostopnost spleti\u0161\u010da <a href=\"https:\/\/www.os-knezak.si\/\">os-knezak.si<\/a> nenehno spremljamo in sproti izbolj\u0161ujemo posamezne elemente dostopnosti. Kljub temu nekatere objavljene vsebine niso dostopne za vse.<\/p>\n\n\n\n<p>Obse\u017eni uradni\u0161ki dokumenti niso najbolj optimalna oblika predstavitve informacij na spletu, vendar se jim v nekaterih primerih te\u017eko izognemo:<\/p>\n\n\n\n<ul class=\"wp-block-list\">\n<li>Objava dalj\u0161ih skeniranih PDF dokumentov.<\/li>\n\n\n\n<li>Skenirani PDF dokumenti, ki jih posredujejo tretje osebe.<\/li>\n\n\n\n<li>Objava word ali excel dokumentov, kot so na primer obrazci ali vloge, ki morajo biti podpisani.<\/li>\n<\/ul>\n\n\n\n<p>Zaradi nesorazmernega bremena so na spleti\u0161\u010du tudi vsebine, ki ne izpolnjujejo vseh zahtev dostopnosti:<\/p>\n\n\n\n<ul class=\"wp-block-list\">\n<li>Video posnetki, ki so objavljeni preko drugih spleti\u0161\u010d nimajo podnapisov, nadzor krmiljenja ni optimiziran in je odvisen od drugih spleti\u0161\u010d (na primer: YouTube), se pa trudimo, da bi ob videoposnetkih (pred njim ali za njim) objavili, kaj je na videoposnetku oziroma kaj videoposnetek predstavlja.<\/li>\n\n\n\n<li>Novice (obvestila in dogodki), ki so bile objavljene v preteklih letih, niso bile pregledane in ocenjene in morebitna neskladja s kriteriji dostopnosti niso bila odpravljena. Kljub temu ostajajo na spleti\u0161\u010du kot arhivsko gradivo.<\/li>\n\n\n\n<li>Med tako vsebino spadajo \u0161e programsko generirani dokumenti (npr. letna poro\u010dila), razli\u010dne kompleksne tabele s podatki (ki so podane v skenirani obliki &#8211; pdf, jpg ali png), prav tako vse fotografije na spletnih mestih \u0161e niso opremljene z opisi oziroma \u0161e nimajo alternativnega besedila.<\/li>\n<\/ul>\n\n\n\n<p>Obvestilo o domnevno nedostopnih vsebinah in\/ali zaprosilo za informacije o nedostopnih vsebinah nam lahko po\u0161ljete po navadni ali elektronski po\u0161ti na naslov:<\/p>\n\n\n\n<ul class=\"wp-block-list\">\n<li>Osnovna \u0161ola Toneta Tom\u0161i\u010da Kne\u017eak, Kne\u017eak 147 a, 6253 Kne\u017eak<\/li>\n\n\n\n<li>elektronska po\u0161ta: o-ttknezak.po@guest.arnes.si<\/li>\n<\/ul>\n","protected":false},"excerpt":{"rendered":"<p>Izjava o dostopnosti Ta izjava o dostopnosti se nana\u0161a na spleti\u0161\u010de os-knezak.si. Osnovna \u0161ola Toneta Tom\u0161i\u010da Kne\u017eak se zavezuje omogo\u010dati dostopnost svojega spleti\u0161\u010da v skladu z Zakonom o dostopnosti spleti\u0161\u010d in mobilnih aplikacij vsem uporabnikom. Stopnja skladnosti Ocenjujemo, da je spleti\u0161\u010de os-knezak.si dostopno in delno skladno z Zakonom o dostopnosti spleti\u0161\u010d in mobilnih aplikacij. Ne [&hellip;]<\/p>\n","protected":false},"author":9076,"featured_media":0,"parent":0,"menu_order":0,"comment_status":"closed","ping_status":"closed","template":"","meta":{"ngg_post_thumbnail":0,"footnotes":""},"class_list":["post-9363","page","type-page","status-publish","hentry"],"_links":{"self":[{"href":"https:\/\/osknezak.splet.arnes.si\/index.php?rest_route=\/wp\/v2\/pages\/9363","targetHints":{"allow":["GET"]}}],"collection":[{"href":"https:\/\/osknezak.splet.arnes.si\/index.php?rest_route=\/wp\/v2\/pages"}],"about":[{"href":"https:\/\/osknezak.splet.arnes.si\/index.php?rest_route=\/wp\/v2\/types\/page"}],"author":[{"embeddable":true,"href":"https:\/\/osknezak.splet.arnes.si\/index.php?rest_route=\/wp\/v2\/users\/9076"}],"replies":[{"embeddable":true,"href":"https:\/\/osknezak.splet.arnes.si\/index.php?rest_route=%2Fwp%2Fv2%2Fcomments&post=9363"}],"version-history":[{"count":3,"href":"https:\/\/osknezak.splet.arnes.si\/index.php?rest_route=\/wp\/v2\/pages\/9363\/revisions"}],"predecessor-version":[{"id":10327,"href":"https:\/\/osknezak.splet.arnes.si\/index.php?rest_route=\/wp\/v2\/pages\/9363\/revisions\/10327"}],"wp:attachment":[{"href":"https:\/\/osknezak.splet.arnes.si\/index.php?rest_route=%2Fwp%2Fv2%2Fmedia&parent=9363"}],"curies":[{"name":"wp","href":"https:\/\/api.w.org\/{rel}","templated":true}]}}