{"id":9355,"date":"2023-04-14T07:37:07","date_gmt":"2023-04-14T05:37:07","guid":{"rendered":"https:\/\/osknezak.splet.arnes.si\/?page_id=9355"},"modified":"2023-04-14T07:37:08","modified_gmt":"2023-04-14T05:37:08","slug":"posodobitev-omrezij-lan-na-viz","status":"publish","type":"page","link":"https:\/\/osknezak.splet.arnes.si\/?page_id=9355","title":{"rendered":"Posodobitev omre\u017eij LAN na VIZ"},"content":{"rendered":"\n<p>Naziv operacije: Posodobitev ra\u010dunalni\u0161kih omre\u017eij LAN na VIZ v osnovnem in<br>srednjem \u0161olstvu ter organizacijah za izobra\u017eevanje odraslih.<\/p>\n\n\n\n<p><br>Cilji projekta: Namen projekta\u00a0Posodobitev omre\u017eij LAN na VIZ\u00a0je posodobiti<br>ra\u010dunalni\u0161ka omre\u017eja; pregled obstoje\u010dega stanja, izdelava na\u010drta posodobitve,<br>izvedba posodobitve \u2013 nadgradnja aktivne in pasivne opreme v osnovnem in<br>srednjem \u0161olstvu ter na organizacijah izobra\u017eevanja za odrasle. Skupna vrednost<br>programa zna\u0161a 5.533.333,81 \u20ac, sredstva mehanizma za okrevanje in odpornost<br>zna\u0161ajo 4.605.647 \u20ac.<\/p>\n\n\n\n<p><br>Na\u010drt za okrevanje in odpornost je podlaga za kori\u0161\u010denje sredstev evropskega<br>Mehanizma za okrevanje in odpornost. Pripomogel bo k okrevanju slovenskega<br>gospodarstva in prispeval k bla\u017eitvi socialnih posledic pandemije covida-19. Z<br>izvedbo na\u010drtovanih reform in nalo\u017eb za zeleni in digitalni prehod bo slovenska<br>dru\u017eba bolj trajnostna, odpornej\u0161a in bolje pripravljena na izzive prihodnosti. NOO<br>sofinancirata Evropska unija in Ministrstvo za vzgojo in izobra\u017eevanje v okviru odziva<br>Unije na pandemijo COVID-19.<br>Vse informacije o izvajanju Na\u010drta za okrevanje in odpornost (NOO) v Republiki<br>Sloveniji najdete na spletni strani\u00a0noo.gov.si.<\/p>\n","protected":false},"excerpt":{"rendered":"<p>Naziv operacije: Posodobitev ra\u010dunalni\u0161kih omre\u017eij LAN na VIZ v osnovnem insrednjem \u0161olstvu ter organizacijah za izobra\u017eevanje odraslih. Cilji projekta: Namen projekta\u00a0Posodobitev omre\u017eij LAN na VIZ\u00a0je posodobitira\u010dunalni\u0161ka omre\u017eja; pregled obstoje\u010dega stanja, izdelava na\u010drta posodobitve,izvedba posodobitve \u2013 nadgradnja aktivne in pasivne opreme v osnovnem insrednjem \u0161olstvu ter na organizacijah izobra\u017eevanja za odrasle. Skupna vrednostprograma zna\u0161a 5.533.333,81 \u20ac, [&hellip;]<\/p>\n","protected":false},"author":9076,"featured_media":0,"parent":0,"menu_order":0,"comment_status":"closed","ping_status":"closed","template":"","meta":{"ngg_post_thumbnail":0,"footnotes":""},"class_list":["post-9355","page","type-page","status-publish","hentry"],"_links":{"self":[{"href":"https:\/\/osknezak.splet.arnes.si\/index.php?rest_route=\/wp\/v2\/pages\/9355","targetHints":{"allow":["GET"]}}],"collection":[{"href":"https:\/\/osknezak.splet.arnes.si\/index.php?rest_route=\/wp\/v2\/pages"}],"about":[{"href":"https:\/\/osknezak.splet.arnes.si\/index.php?rest_route=\/wp\/v2\/types\/page"}],"author":[{"embeddable":true,"href":"https:\/\/osknezak.splet.arnes.si\/index.php?rest_route=\/wp\/v2\/users\/9076"}],"replies":[{"embeddable":true,"href":"https:\/\/osknezak.splet.arnes.si\/index.php?rest_route=%2Fwp%2Fv2%2Fcomments&post=9355"}],"version-history":[{"count":1,"href":"https:\/\/osknezak.splet.arnes.si\/index.php?rest_route=\/wp\/v2\/pages\/9355\/revisions"}],"predecessor-version":[{"id":9357,"href":"https:\/\/osknezak.splet.arnes.si\/index.php?rest_route=\/wp\/v2\/pages\/9355\/revisions\/9357"}],"wp:attachment":[{"href":"https:\/\/osknezak.splet.arnes.si\/index.php?rest_route=%2Fwp%2Fv2%2Fmedia&parent=9355"}],"curies":[{"name":"wp","href":"https:\/\/api.w.org\/{rel}","templated":true}]}}