{"id":9263,"date":"2023-02-22T14:02:25","date_gmt":"2023-02-22T13:02:25","guid":{"rendered":"https:\/\/osknezak.splet.arnes.si\/?page_id=9263"},"modified":"2023-03-03T12:51:08","modified_gmt":"2023-03-03T11:51:08","slug":"varno-in-spodbudno-ucno-okolje","status":"publish","type":"page","link":"https:\/\/osknezak.splet.arnes.si\/?page_id=9263","title":{"rendered":"Varno in spodbudno u\u010dno okolje"},"content":{"rendered":"\n<p>\u0160ola je vklju\u010dena v triletni projekt VSUO- Varno in spodbudno u\u010dno okolje.<\/p>\n\n\n\n<p>Dobro po\u010dutje in klima sta pomembna dejavnika u\u010dne zavzetosti in uspe\u0161nosti. Pri tem pa seveda z dobrim po\u010dutjem ne mislimo na lagodnost, pasivnost ali \u010dutno ugodje, ampak na aktivno oziroma polno vklju\u010denost v u\u010dni proces in v dejavnosti, ki jih u\u010denci do\u017eivljajo kot smiselne, ter v skupino, v kateri se \u010dutijo sprejete in vklju\u010dene: Vklju\u010dujo\u010da \u0161ola, Varno in spodbudno u\u010dno okolje.<\/p>\n\n\n\n<p>Z razvojno nalogo Varno in spodbudno u\u010dno okolje&nbsp; izvajamo delavnice z u\u010denci in podpiramo u\u010ditelje z usposabljanjem na naslednjih podro\u010djih:<\/p>\n\n\n\n<ul class=\"wp-block-list\"><li>dobri odnosi med u\u010ditelji in u\u010denci, odnosna kompetenca, dober stik, po\u010dutje in klima;<\/li><li>\u010dustveno in socialno u\u010denje ter empatija;<\/li><li>ne\u017eeleno vedenje, razlogi in ravnanje;<\/li><li>medvrstni\u0161ko nasilje in ranljive skupine.<\/li><\/ul>\n\n\n\n<p>\u0160olski tim: Klavdija Sotlar, Tanja Bla\u017eek, Alenka Bi\u0161\u010dak, Uro\u0161 Jenko, Anja Tom\u0161i\u010d, Martina Batista Jenko<\/p>\n","protected":false},"excerpt":{"rendered":"<p>\u0160ola je vklju\u010dena v triletni projekt VSUO- Varno in spodbudno u\u010dno okolje. Dobro po\u010dutje in klima sta pomembna dejavnika u\u010dne zavzetosti in uspe\u0161nosti. Pri tem pa seveda z dobrim po\u010dutjem ne mislimo na lagodnost, pasivnost ali \u010dutno ugodje, ampak na aktivno oziroma polno vklju\u010denost v u\u010dni proces in v dejavnosti, ki jih u\u010denci do\u017eivljajo kot [&hellip;]<\/p>\n","protected":false},"author":9076,"featured_media":0,"parent":89,"menu_order":4,"comment_status":"closed","ping_status":"closed","template":"","meta":{"ngg_post_thumbnail":0,"footnotes":""},"class_list":["post-9263","page","type-page","status-publish","hentry"],"_links":{"self":[{"href":"https:\/\/osknezak.splet.arnes.si\/index.php?rest_route=\/wp\/v2\/pages\/9263","targetHints":{"allow":["GET"]}}],"collection":[{"href":"https:\/\/osknezak.splet.arnes.si\/index.php?rest_route=\/wp\/v2\/pages"}],"about":[{"href":"https:\/\/osknezak.splet.arnes.si\/index.php?rest_route=\/wp\/v2\/types\/page"}],"author":[{"embeddable":true,"href":"https:\/\/osknezak.splet.arnes.si\/index.php?rest_route=\/wp\/v2\/users\/9076"}],"replies":[{"embeddable":true,"href":"https:\/\/osknezak.splet.arnes.si\/index.php?rest_route=%2Fwp%2Fv2%2Fcomments&post=9263"}],"version-history":[{"count":2,"href":"https:\/\/osknezak.splet.arnes.si\/index.php?rest_route=\/wp\/v2\/pages\/9263\/revisions"}],"predecessor-version":[{"id":9284,"href":"https:\/\/osknezak.splet.arnes.si\/index.php?rest_route=\/wp\/v2\/pages\/9263\/revisions\/9284"}],"up":[{"embeddable":true,"href":"https:\/\/osknezak.splet.arnes.si\/index.php?rest_route=\/wp\/v2\/pages\/89"}],"wp:attachment":[{"href":"https:\/\/osknezak.splet.arnes.si\/index.php?rest_route=%2Fwp%2Fv2%2Fmedia&parent=9263"}],"curies":[{"name":"wp","href":"https:\/\/api.w.org\/{rel}","templated":true}]}}