{"id":9257,"date":"2023-02-22T13:53:53","date_gmt":"2023-02-22T12:53:53","guid":{"rendered":"https:\/\/osknezak.splet.arnes.si\/?page_id=9257"},"modified":"2023-07-21T15:21:35","modified_gmt":"2023-07-21T13:21:35","slug":"podjetnost-in-podezelje","status":"publish","type":"page","link":"https:\/\/osknezak.splet.arnes.si\/?page_id=9257","title":{"rendered":"Podjetnost in pode\u017eelje"},"content":{"rendered":"\n<p>Nosilec:&nbsp;Zavod znanje Postojna<br>Partnerji:&nbsp;O\u0160 Toneta Tom\u0161i\u010da Kne\u017eak, O\u0160 Pivka, Kreaktiva multimedijsko<br>ustvarjanje Doris Komen Horvat s.p., MCP Postojna<br>Ob\u010dine izvajanja:&nbsp;Pivka, Postojna, Ilirska Bistrica<br>Predvidena vrednost operacije:&nbsp;58.418,53 \u20ac<br>Znesek sofinanaciranja:&nbsp;36.337,04 \u20ac<\/p>\n\n\n\n<p>Operacija bo spodbujala razvoj kreativnih poslovnih idej, ki bodo inovativno<br>naravnane in bodo naslavljale okoljske in dru\u017ebene izzive v okolju. S povezovanjem<br>razli\u010dnih akterjev bomo v projektu pripravili inovativni model spodbujanja podjetnosti<br>mladih; osnovno\u0161olcev in mlaj\u0161ih odraslih, do 29. leta starosti, ki so brezposelni.<br>Cilji operacije: Zagotavljati dolgoro\u010dno spodbudo pri krepitvi podjetni\u0161kih kompetenc<br>pri vseh navedenih ciljnih skupinah in na ta na\u010din prispevati k rasti podjetni\u0161kih<br>iniciativ na obmo\u010dju. S tem pa pove\u010dati tudi mo\u017enost za nastanek novih podjetij in<br>krepitev gospodarske vklju\u010denosti mladih.<br>Namen operacije:<\/p>\n\n\n\n<ul class=\"wp-block-list\"><li>spodbuditi razvoj kreativnih poslovnih idej, ki bodo inovativno naravnane in bodo<br>naslavljale okoljske in dru\u017ebene izzive v okolju,<\/li><li>vzpostaviti sistemski pristop k spodbujanju podjetnosti osnovno\u0161olcev in mlaj\u0161ih<br>odraslih, do 29. leta starosti, ki so brezposelni. Namen operacije je nau\u010diti te ciljne<br>skupine in tiste, ki jih k novemu znanju vodijo (u\u010ditelje in svetovalce v razli\u010dnih<br>organizacijah, ki sodelujejo v projektu) razvijati podjetni\u0161ke ideje do mere, da lahko<br>svoje ideje udejanjijo, jih predstavijo trgu oz. jih razvijejo do te mere, da lahko<br>ustanovijo lastno podjetje in nadaljujejo samostojno podjetni\u0161ko pot. Na ta na\u010din se<br>na dolgi rok pove\u010duje zaposlitvene mo\u017enosti mladih, poleg klasi\u010dnih zaposlitvenih<br>poti,<br>Rezultati operacije:<\/li><li>izdelan letak s predstavitvijo projekta in procesa spodbujanja podjetnosti u\u010de\u010dih se<br>(mladih in brezposelnih),<\/li><li>izvedba zaklju\u010dnega regijskega dogodka z namenom predstavitve dodelanih<br>prototipov in podjetni\u0161kih iniciativ u\u010de\u010dih se,<\/li><li>izdelani promocijski izdelki (USB, majice, zvezki, pisala \u2026),<\/li><li>pripravljena (didakti\u010dna) gradiva in metode za spodbujanje podjetnosti u\u010de\u010dih se,<\/li><li>izvedba usposabljanja s predstavitvijo poslovnih modelov, gradiv, pedago\u0161kih<br>modelov,<\/li><li>izvedeno individualno in skupinsko mentoriranje u\u010diteljev,<\/li><li>izvedena zasnova projektnih idej (npr. prek start-up vikendov, hackatonov itd.) in<br>oblikovanje podjetni\u0161kih skupin,<\/li><li>izvedene delavnice za pripravo celovitih poslovnih modelov,<\/li><li>izvedba regijskega tekmovanja za predstavitev oblikovanih podjetni\u0161kih idej<\/li><\/ul>\n\n\n\n<p>Vodji: Tanja Bla\u017eek in Jure Gustin\u010di\u010d<\/p>\n\n\n\n<figure class=\"wp-block-image size-large\"><a href=\"https:\/\/osknezak.splet.arnes.si\/files\/2022\/11\/logotipi-financerjev-LAS.png\"><img loading=\"lazy\" decoding=\"async\" width=\"1024\" height=\"106\" src=\"https:\/\/osknezak.splet.arnes.si\/files\/2022\/11\/logotipi-financerjev-LAS-1024x106.png\" alt=\"\" class=\"wp-image-9003\" srcset=\"https:\/\/osknezak.splet.arnes.si\/files\/2022\/11\/logotipi-financerjev-LAS-1024x106.png 1024w, https:\/\/osknezak.splet.arnes.si\/files\/2022\/11\/logotipi-financerjev-LAS-300x31.png 300w, https:\/\/osknezak.splet.arnes.si\/files\/2022\/11\/logotipi-financerjev-LAS-768x79.png 768w, https:\/\/osknezak.splet.arnes.si\/files\/2022\/11\/logotipi-financerjev-LAS-624x64.png 624w, https:\/\/osknezak.splet.arnes.si\/files\/2022\/11\/logotipi-financerjev-LAS.png 1134w\" sizes=\"auto, (max-width: 1024px) 100vw, 1024px\" \/><\/a><\/figure>\n\n\n\n<p><strong>NA\u0160E DELO:<\/strong><\/p>\n\n\n\n<p><a href=\"https:\/\/www.inkubator-perspektiva.si\/post\/727810\" target=\"_blank\" rel=\"noreferrer noopener\">Mladi so na\u0161 podjetni\u0161ki potencial!<\/a><\/p>\n\n\n\n<p><a href=\"https:\/\/www.inkubator-perspektiva.si\/post\/740307\" target=\"_blank\" rel=\"noreferrer noopener\">Osnovno\u0161olci in \u0161tudentje so se uvrstili v finale nacionalnega tekmovanja POPRI<\/a><\/p>\n\n\n\n<p><a href=\"https:\/\/www.inkubator-perspektiva.si\/post\/750955\" target=\"_blank\" rel=\"noreferrer noopener\">Na\u0161i \u0161tudentje in osnovno\u0161olci so uspe\u0161no nastopili na nacionalnem tekmovanju POPRI<\/a><\/p>\n\n\n\n<p><a href=\"https:\/\/www.inkubator-perspektiva.si\/post\/754178\" target=\"_blank\" rel=\"noreferrer noopener\">Podjetni\u0161ki bazar mladih v Ilirski Bistrici<\/a><\/p>\n\n\n\n<p><a href=\"https:\/\/www.inkubator-perspektiva.si\/post\/756382\" target=\"_blank\" rel=\"noreferrer noopener\">\u0160est ilirskobistri\u0161kih ekip mladih podjetnikov predstavilo svoje poslovne ideje<\/a><\/p>\n\n\n\n<p><a href=\"https:\/\/osknezak.splet.arnes.si\/files\/2023\/07\/Popolnoma-razgradljivi-ovitki-za-telefon.pdf\" target=\"_blank\" rel=\"noreferrer noopener\">Popolnoma razgradljivi ovitki za telefon<\/a><\/p>\n","protected":false},"excerpt":{"rendered":"<p>Nosilec:&nbsp;Zavod znanje PostojnaPartnerji:&nbsp;O\u0160 Toneta Tom\u0161i\u010da Kne\u017eak, O\u0160 Pivka, Kreaktiva multimedijskoustvarjanje Doris Komen Horvat s.p., MCP PostojnaOb\u010dine izvajanja:&nbsp;Pivka, Postojna, Ilirska BistricaPredvidena vrednost operacije:&nbsp;58.418,53 \u20acZnesek sofinanaciranja:&nbsp;36.337,04 \u20ac Operacija bo spodbujala razvoj kreativnih poslovnih idej, ki bodo inovativnonaravnane in bodo naslavljale okoljske in dru\u017ebene izzive v okolju. S povezovanjemrazli\u010dnih akterjev bomo v projektu pripravili inovativni model spodbujanja podjetnostimladih; [&hellip;]<\/p>\n","protected":false},"author":9076,"featured_media":0,"parent":89,"menu_order":2,"comment_status":"closed","ping_status":"closed","template":"","meta":{"ngg_post_thumbnail":0,"footnotes":""},"class_list":["post-9257","page","type-page","status-publish","hentry"],"_links":{"self":[{"href":"https:\/\/osknezak.splet.arnes.si\/index.php?rest_route=\/wp\/v2\/pages\/9257","targetHints":{"allow":["GET"]}}],"collection":[{"href":"https:\/\/osknezak.splet.arnes.si\/index.php?rest_route=\/wp\/v2\/pages"}],"about":[{"href":"https:\/\/osknezak.splet.arnes.si\/index.php?rest_route=\/wp\/v2\/types\/page"}],"author":[{"embeddable":true,"href":"https:\/\/osknezak.splet.arnes.si\/index.php?rest_route=\/wp\/v2\/users\/9076"}],"replies":[{"embeddable":true,"href":"https:\/\/osknezak.splet.arnes.si\/index.php?rest_route=%2Fwp%2Fv2%2Fcomments&post=9257"}],"version-history":[{"count":3,"href":"https:\/\/osknezak.splet.arnes.si\/index.php?rest_route=\/wp\/v2\/pages\/9257\/revisions"}],"predecessor-version":[{"id":9472,"href":"https:\/\/osknezak.splet.arnes.si\/index.php?rest_route=\/wp\/v2\/pages\/9257\/revisions\/9472"}],"up":[{"embeddable":true,"href":"https:\/\/osknezak.splet.arnes.si\/index.php?rest_route=\/wp\/v2\/pages\/89"}],"wp:attachment":[{"href":"https:\/\/osknezak.splet.arnes.si\/index.php?rest_route=%2Fwp%2Fv2%2Fmedia&parent=9257"}],"curies":[{"name":"wp","href":"https:\/\/api.w.org\/{rel}","templated":true}]}}