{"id":9253,"date":"2023-02-22T13:40:30","date_gmt":"2023-02-22T12:40:30","guid":{"rendered":"https:\/\/osknezak.splet.arnes.si\/?page_id=9253"},"modified":"2023-03-03T12:43:23","modified_gmt":"2023-03-03T11:43:23","slug":"zdrava-sola","status":"publish","type":"page","link":"https:\/\/osknezak.splet.arnes.si\/?page_id=9253","title":{"rendered":"Zdrava \u0161ola"},"content":{"rendered":"\n<p>Slovenska mre\u017ea zdravih \u0161ol se odziva na probleme v zvezi z zdravjem otrok in mladostnikov ter izvaja preizku\u0161ene programe za promocijo zdravja na telesnem, du\u0161evnem, socialnem in okoljskem podro\u010dju zdravja za u\u010dence, u\u010ditelje in star\u0161e.<\/p>\n\n\n\n<p>Potrudili se bomo, da bo \u0161ola postala \u0161e bolj prijetno okolje, v katerem bomo vsi radi delali in se sre\u010devali \u2013 tako u\u010denci, u\u010ditelji in star\u0161i. Ob vklju\u010ditvi v projekt Zdrave \u0161ole smo se zavezali naslednjim 12 ciljem Zdrave \u0161ole:<\/p>\n\n\n\n<ol class=\"wp-block-list\"><li>Aktivno bomo podpirali pozitivno samopodobo vseh u\u010dencev s tem, da bomo pokazali, da lahko prav vsak prispeva k \u017eivljenju v \u0161oli.<\/li><li>Skrbeli bomo za vsestranski razvoj dobrih medsebojnih odnosov med u\u010ditelji in u\u010denci, u\u010ditelji med seboj ter med u\u010denci.<\/li><li>Potrudili se bomo, da bodo socialni cilji \u0161ole postali jasni u\u010diteljem, u\u010dencem in star\u0161em.<\/li><li>Vse u\u010dence bomo spodbujali k razli\u010dnim dejavnostim tako, da bodo oblikovali raznovrstne pobude.<\/li><li>Izkoristili bomo vsako mo\u017enost za izbolj\u0161anje \u0161olskega okolja<\/li><li>Skrbeli bomo za razvoj dobrih povezav med \u0161olo, domom in skupnostjo.<\/li><li>Skrbeli bomo za razvoj povezav med osnovno in srednjo \u0161olo zaradi priprave skladnega u\u010dnega na\u010drta zdravstvene vzgoje.<\/li><li>Aktivno bomo podprli zdravje in blaginjo svojih u\u010diteljev.<\/li><li>Upo\u0161tevali bomo dejstvo, da so u\u010ditelji in \u0161olsko osebje zgled za zdravo obna\u0161anje.<\/li><li>Upo\u0161tevali bomo komplementarno vlogo, ki jo ima \u0161olska prehrana pri u\u010dnem na\u010drtu zdravstvene vzgoje.<\/li><li>Sodelovali bomo s specializiranimi slu\u017ebami v skupnosti, ki nam lahko svetujejo in pomagajo pri zdravstveni vzgoji.<\/li><li>Vzpostavili bomo poglobljen odnos s \u0161olsko zdravstveno in zobozdravstveno slu\u017ebo, da nas bo dejavno podprla pri u\u010dnem na\u010drtu zdravstvene vzgoje.<\/li><\/ol>\n\n\n\n<p>Slovenska mre\u017ea zdravih \u0161ol sodeluje pri mednarodnem projektu SHE4AHA (Zdravje v \u0161oli za zdravo staranje). Poleg Slovenije v projektu sodelujejo tudi Portugalska, Francija, Danska in Islandija. Vsaka dr\u017eava sodeluje s tremi \u0161olami. Poleg na\u0161e \u0161ole v projektu sodelujejo \u0161e O\u0160 Bistrica ob Sotli in O\u0160 Dutovlje. V okviru projekta bomo skupaj z izbranimi \u0161olami razvili in evalvairali u\u010dinkovite pristope promocije zdravja v \u0161olskem okolju.\u00a0<\/p>\n\n\n\n<p>Projekt bo trajal 3 leta, v njem pa naj bi preizku\u0161ali gradiva SHE mre\u017ee (priro\u010dnike o promociji zdravja v \u0161oli, kako postati Zdrava \u0161ola, itd.).<\/p>\n\n\n\n<p>Vodja: Martina Batista Jenko<\/p>\n","protected":false},"excerpt":{"rendered":"<p>Slovenska mre\u017ea zdravih \u0161ol se odziva na probleme v zvezi z zdravjem otrok in mladostnikov ter izvaja preizku\u0161ene programe za promocijo zdravja na telesnem, du\u0161evnem, socialnem in okoljskem podro\u010dju zdravja za u\u010dence, u\u010ditelje in star\u0161e. Potrudili se bomo, da bo \u0161ola postala \u0161e bolj prijetno okolje, v katerem bomo vsi radi delali in se sre\u010devali [&hellip;]<\/p>\n","protected":false},"author":9076,"featured_media":0,"parent":89,"menu_order":1,"comment_status":"closed","ping_status":"closed","template":"","meta":{"ngg_post_thumbnail":0,"footnotes":""},"class_list":["post-9253","page","type-page","status-publish","hentry"],"_links":{"self":[{"href":"https:\/\/osknezak.splet.arnes.si\/index.php?rest_route=\/wp\/v2\/pages\/9253","targetHints":{"allow":["GET"]}}],"collection":[{"href":"https:\/\/osknezak.splet.arnes.si\/index.php?rest_route=\/wp\/v2\/pages"}],"about":[{"href":"https:\/\/osknezak.splet.arnes.si\/index.php?rest_route=\/wp\/v2\/types\/page"}],"author":[{"embeddable":true,"href":"https:\/\/osknezak.splet.arnes.si\/index.php?rest_route=\/wp\/v2\/users\/9076"}],"replies":[{"embeddable":true,"href":"https:\/\/osknezak.splet.arnes.si\/index.php?rest_route=%2Fwp%2Fv2%2Fcomments&post=9253"}],"version-history":[{"count":2,"href":"https:\/\/osknezak.splet.arnes.si\/index.php?rest_route=\/wp\/v2\/pages\/9253\/revisions"}],"predecessor-version":[{"id":9278,"href":"https:\/\/osknezak.splet.arnes.si\/index.php?rest_route=\/wp\/v2\/pages\/9253\/revisions\/9278"}],"up":[{"embeddable":true,"href":"https:\/\/osknezak.splet.arnes.si\/index.php?rest_route=\/wp\/v2\/pages\/89"}],"wp:attachment":[{"href":"https:\/\/osknezak.splet.arnes.si\/index.php?rest_route=%2Fwp%2Fv2%2Fmedia&parent=9253"}],"curies":[{"name":"wp","href":"https:\/\/api.w.org\/{rel}","templated":true}]}}