{"id":83,"date":"2015-08-28T23:03:02","date_gmt":"2015-08-28T21:03:02","guid":{"rendered":"http:\/\/osknezak.splet.arnes.si\/?page_id=83"},"modified":"2015-08-28T23:16:05","modified_gmt":"2015-08-28T21:16:05","slug":"vrtec","status":"publish","type":"page","link":"https:\/\/osknezak.splet.arnes.si\/?page_id=83","title":{"rendered":"VRTEC"},"content":{"rendered":"<p>Poglejte kaj po\u010dnemo v <a href=\"http:\/\/vrtec-osknezak.splet.arnes.si\/\" target=\"_blank\">vrtcu pri O\u0160 Kne\u017eak.<\/a><\/p>\n","protected":false},"excerpt":{"rendered":"<p>Poglejte kaj po\u010dnemo v vrtcu pri O\u0160 Kne\u017eak.<\/p>\n","protected":false},"author":3495,"featured_media":0,"parent":0,"menu_order":0,"comment_status":"closed","ping_status":"open","template":"","meta":{"ngg_post_thumbnail":0,"footnotes":""},"class_list":["post-83","page","type-page","status-publish","hentry"],"_links":{"self":[{"href":"https:\/\/osknezak.splet.arnes.si\/index.php?rest_route=\/wp\/v2\/pages\/83","targetHints":{"allow":["GET"]}}],"collection":[{"href":"https:\/\/osknezak.splet.arnes.si\/index.php?rest_route=\/wp\/v2\/pages"}],"about":[{"href":"https:\/\/osknezak.splet.arnes.si\/index.php?rest_route=\/wp\/v2\/types\/page"}],"author":[{"embeddable":true,"href":"https:\/\/osknezak.splet.arnes.si\/index.php?rest_route=\/wp\/v2\/users\/3495"}],"replies":[{"embeddable":true,"href":"https:\/\/osknezak.splet.arnes.si\/index.php?rest_route=%2Fwp%2Fv2%2Fcomments&post=83"}],"version-history":[{"count":2,"href":"https:\/\/osknezak.splet.arnes.si\/index.php?rest_route=\/wp\/v2\/pages\/83\/revisions"}],"predecessor-version":[{"id":102,"href":"https:\/\/osknezak.splet.arnes.si\/index.php?rest_route=\/wp\/v2\/pages\/83\/revisions\/102"}],"wp:attachment":[{"href":"https:\/\/osknezak.splet.arnes.si\/index.php?rest_route=%2Fwp%2Fv2%2Fmedia&parent=83"}],"curies":[{"name":"wp","href":"https:\/\/api.w.org\/{rel}","templated":true}]}}