{"id":3759,"date":"2018-10-28T10:23:37","date_gmt":"2018-10-28T09:23:37","guid":{"rendered":"http:\/\/osknezak.splet.arnes.si\/?page_id=3759"},"modified":"2025-09-02T08:26:35","modified_gmt":"2025-09-02T06:26:35","slug":"dokumenti","status":"publish","type":"page","link":"https:\/\/osknezak.splet.arnes.si\/?page_id=3759","title":{"rendered":"Dokumenti"},"content":{"rendered":"<p><a href=\"http:\/\/osknezak.splet.arnes.si\/files\/2018\/10\/Pravila-\u0161olskega-reda-Osnovne-\u0161ole-Toneta-Tom\u0161i\u010da-Kne\u017eak-2018.pdf\">Pravila \u0161olskega reda Osnovne \u0161ole Toneta Tom\u0161i\u010da Kne\u017eak<\/a><\/p>\n<p><a href=\"https:\/\/docs.google.com\/document\/d\/1ogmJBaGg2ivVsUpOBQjCuac6QwZpoh6s\/edit?usp=sharing&amp;ouid=105799383245086292601&amp;rtpof=true&amp;sd=true\">PRAVILA \u0160OLSKE PREHRANE<\/a><\/p>\n<p><a href=\"http:\/\/osknezak.splet.arnes.si\/files\/2019\/03\/Prijava-na-\u0161olsko-prehrano.pdf\">Prijava-na-\u0161olsko-prehrano<\/a><\/p>\n<p><a href=\"http:\/\/osknezak.splet.arnes.si\/files\/2019\/03\/Preklic-prijave-na-\u0161olsko-prehrano.pdf\">Preklic-prijave-na-\u0161olsko-prehrano<\/a><\/p>\n<p><a href=\"http:\/\/osknezak.splet.arnes.si\/files\/2015\/08\/Vloga-za-dodelitev-statusa-\u0161portnika.pdf\">Vloga za dodelitev statusa \u0161portnika<\/a><\/p>\n\n\n<p><a rel=\"noreferrer noopener\" href=\"https:\/\/osttknezak-my.sharepoint.com\/:w:\/g\/personal\/arhiv_os_os-knezak_si\/EW-LVqmcbHZMk3HmmRE4lXUB6l-Vt5gV6CoKXazXILFqLw?e=Mh2W7m\" target=\"_blank\">Vloga za subvencioniranje \u0161ole v naravi<\/a><\/p>\n\n\n\n<p><a href=\"https:\/\/drive.google.com\/file\/d\/1xRiokKY9t-32imIM-NMgVHfGBy4kzt5x\/view?usp=share_link\">Informacije za posameznike<\/a><\/p>\n\n\n\n<p><a href=\"https:\/\/drive.google.com\/file\/d\/137yy7wX8DLyYFqOCgg68c-gIts3fWk5m\/view?usp=share_link\">Vzgojni na\u010drt <\/a><\/p>\n\n\n\n<p><a href=\"https:\/\/docs.google.com\/document\/d\/1CV2uufWUoGkZmI5AjxRbCe75JEgfeSNq\/edit?usp=drive_link&amp;ouid=102975752323383495056&amp;rtpof=true&amp;sd=true\">Vloga za napovedano odsotnost<\/a><\/p>\n\n\n\n<p><a href=\"https:\/\/docs.google.com\/document\/d\/1n8_2CmHDQ8aCbuP3b4B_utMqzmihPQki\/edit?usp=sharing&amp;ouid=102975752323383495056&amp;rtpof=true&amp;sd=true\">Publikacija 2025\/26<\/a><\/p>\n","protected":false},"excerpt":{"rendered":"<p>Pravila \u0161olskega reda Osnovne \u0161ole Toneta Tom\u0161i\u010da Kne\u017eak PRAVILA \u0160OLSKE PREHRANE Prijava-na-\u0161olsko-prehrano Preklic-prijave-na-\u0161olsko-prehrano Vloga za dodelitev statusa \u0161portnika Vloga za subvencioniranje \u0161ole v naravi Informacije za posameznike Vzgojni na\u010drt Vloga za napovedano odsotnost Publikacija 2025\/26<\/p>\n","protected":false},"author":3497,"featured_media":0,"parent":0,"menu_order":0,"comment_status":"closed","ping_status":"closed","template":"","meta":{"ngg_post_thumbnail":0,"footnotes":""},"class_list":["post-3759","page","type-page","status-publish","hentry"],"_links":{"self":[{"href":"https:\/\/osknezak.splet.arnes.si\/index.php?rest_route=\/wp\/v2\/pages\/3759","targetHints":{"allow":["GET"]}}],"collection":[{"href":"https:\/\/osknezak.splet.arnes.si\/index.php?rest_route=\/wp\/v2\/pages"}],"about":[{"href":"https:\/\/osknezak.splet.arnes.si\/index.php?rest_route=\/wp\/v2\/types\/page"}],"author":[{"embeddable":true,"href":"https:\/\/osknezak.splet.arnes.si\/index.php?rest_route=\/wp\/v2\/users\/3497"}],"replies":[{"embeddable":true,"href":"https:\/\/osknezak.splet.arnes.si\/index.php?rest_route=%2Fwp%2Fv2%2Fcomments&post=3759"}],"version-history":[{"count":15,"href":"https:\/\/osknezak.splet.arnes.si\/index.php?rest_route=\/wp\/v2\/pages\/3759\/revisions"}],"predecessor-version":[{"id":10564,"href":"https:\/\/osknezak.splet.arnes.si\/index.php?rest_route=\/wp\/v2\/pages\/3759\/revisions\/10564"}],"wp:attachment":[{"href":"https:\/\/osknezak.splet.arnes.si\/index.php?rest_route=%2Fwp%2Fv2%2Fmedia&parent=3759"}],"curies":[{"name":"wp","href":"https:\/\/api.w.org\/{rel}","templated":true}]}}