{"id":241,"date":"2015-09-02T12:15:34","date_gmt":"2015-09-02T10:15:34","guid":{"rendered":"http:\/\/osknezak.splet.arnes.si\/?page_id=241"},"modified":"2023-10-02T10:00:06","modified_gmt":"2023-10-02T08:00:06","slug":"prehrana","status":"publish","type":"page","link":"https:\/\/osknezak.splet.arnes.si\/?page_id=241","title":{"rendered":"PREHRANA"},"content":{"rendered":"<p><span style=\"color: #008000\"><strong>PREHRANA NA O\u0160 TONETA TOM\u0160I\u010cA KNE\u017dAK<\/strong><\/span><\/p>\n<p><span style=\"color: #000000\">V Sloveniji posve\u010damo veliko skrb zdravi prehrani osnovno\u0161olcev, \u0161e zlasti velik pomen dajemo temu tudi na na\u0161i \u0161oli. Zavedamo se, da je izobra\u017eevanje in informiranje mladih ljudi na podro\u010dju prehrane zelo odlo\u010dilno tudi za bodo\u010de dru\u017eine. O prehranskih vsebinah se u\u010denci u\u010dijo pri razli\u010dnih predmetih na razredni stopnji ter vsa leta biologije in gospodinjstva. Trudimo se tudi pri ponudbi zdrave hrane v obrokih malice in kosila. Z anketami spremljamo \u017eelje in pri\u010dakovanja na\u0161ih u\u010dencev.<\/span><\/p>\n<p><span style=\"color: #000000\">Vemo, da preve\u010d ma\u0161\u010dob, sladkorja in soli slabo vpliva na zdravje. Te dejavnike posku\u0161amo posredovati tudi u\u010dencem in jih motivirati, da v svojem vsakdanjem prehranjevanju upo\u0161tevajo dejstva, ki jim jih predstavimo. Trudimo se, da mladim ljudem posredujemo informacije o tem, kako pomembno je izbirati med razli\u010dnimi ma\u0161\u010dobami, omejiti njihovo porabo in z majhnimi spremembami v pripravljanju hrane dose\u010di bolj zdravo prehrano in dalj\u0161e \u017eivljenje. Mlad organizem potrebuje za razvoj in vsakodnevne napore razli\u010dne snovi, ki jih dobi z zdravo, naravno in raznoliko hrano. Tako se bodo u\u010denci tudi bolje po\u010dutili in bodo bolj odporni na bolezni<\/span><\/p>\n<p><span style=\"color: #000000\">Na O\u0160 Toneta Tom\u0161i\u010da nudimo zajtrk, malico in kosilo in popoldansko malico.<\/span><\/p>\n<p><span style=\"color: #008000\"><strong>ODJAVE<\/strong><\/span><\/p>\n<p><span style=\"color: #000000\">Odjave in prijave posameznega obroka sprejemamo <strong>na elektronskem naslovu:<\/strong><\/span><\/p>\n<p><strong>prehrana.osknezak@guest.arnes.si<\/strong><\/p>\n<p>Zajtrk in dopoldanska malica sta pravo\u010dasno odjavljena, \u010de jih star\u0161i odjavijo vsaj en delovni dan prej, in sicer do 8. ure.<\/p>\n<p>Kosilo in popoldanska malica sta pravo\u010dasno odjavljena, \u010de jih star\u0161i odjavijo isti dan do 8. ure.<\/p>\n<p>Ob odjavi naj star\u0161i navedejo obdobje odjave.<\/p>\n<p><a href=\"_wp_link_placeholder\" data-wplink-edit=\"true\">Cenik prehrane<\/a><\/p>\n<p><span style=\"color: #000000\">Jerneja \u0160tritof<br \/>\n<\/span><\/p>\n<p><span style=\"color: #000000\">Organizatorica \u0161olske prehrane<\/span><\/p>\n","protected":false},"excerpt":{"rendered":"<p>PREHRANA NA O\u0160 TONETA TOM\u0160I\u010cA KNE\u017dAK V Sloveniji posve\u010damo veliko skrb zdravi prehrani osnovno\u0161olcev, \u0161e zlasti velik pomen dajemo temu tudi na na\u0161i \u0161oli. Zavedamo se, da je izobra\u017eevanje in informiranje mladih ljudi na podro\u010dju prehrane zelo odlo\u010dilno tudi za bodo\u010de dru\u017eine. O prehranskih vsebinah se u\u010denci u\u010dijo pri razli\u010dnih predmetih na razredni stopnji ter [&hellip;]<\/p>\n","protected":false},"author":3495,"featured_media":0,"parent":0,"menu_order":0,"comment_status":"closed","ping_status":"open","template":"","meta":{"ngg_post_thumbnail":0,"footnotes":""},"class_list":["post-241","page","type-page","status-publish","hentry"],"_links":{"self":[{"href":"https:\/\/osknezak.splet.arnes.si\/index.php?rest_route=\/wp\/v2\/pages\/241","targetHints":{"allow":["GET"]}}],"collection":[{"href":"https:\/\/osknezak.splet.arnes.si\/index.php?rest_route=\/wp\/v2\/pages"}],"about":[{"href":"https:\/\/osknezak.splet.arnes.si\/index.php?rest_route=\/wp\/v2\/types\/page"}],"author":[{"embeddable":true,"href":"https:\/\/osknezak.splet.arnes.si\/index.php?rest_route=\/wp\/v2\/users\/3495"}],"replies":[{"embeddable":true,"href":"https:\/\/osknezak.splet.arnes.si\/index.php?rest_route=%2Fwp%2Fv2%2Fcomments&post=241"}],"version-history":[{"count":4,"href":"https:\/\/osknezak.splet.arnes.si\/index.php?rest_route=\/wp\/v2\/pages\/241\/revisions"}],"predecessor-version":[{"id":9568,"href":"https:\/\/osknezak.splet.arnes.si\/index.php?rest_route=\/wp\/v2\/pages\/241\/revisions\/9568"}],"wp:attachment":[{"href":"https:\/\/osknezak.splet.arnes.si\/index.php?rest_route=%2Fwp%2Fv2%2Fmedia&parent=241"}],"curies":[{"name":"wp","href":"https:\/\/api.w.org\/{rel}","templated":true}]}}