{"id":235,"date":"2015-09-02T12:13:18","date_gmt":"2015-09-02T10:13:18","guid":{"rendered":"http:\/\/osknezak.splet.arnes.si\/?page_id=235"},"modified":"2025-09-23T08:33:18","modified_gmt":"2025-09-23T06:33:18","slug":"bralna-znacka","status":"publish","type":"page","link":"https:\/\/osknezak.splet.arnes.si\/?page_id=235","title":{"rendered":"Bralna zna\u010dka"},"content":{"rendered":"<p><img loading=\"lazy\" decoding=\"async\" class=\"irc_mi aligncenter\" src=\"http:\/\/www.bralnaznacka.si\/upload\/logotip%20bz.jpg\" alt=\"\" width=\"316\" height=\"276\"><\/p>\n<div>Bralna zna\u010dka je slovensko gibanje, ki \u017ee ve\u010d kot 50 let spodbuja razvoj bralne kulture mladih.&nbsp;<em><strong>17. septembra<\/strong><\/em>&nbsp;(Dan zlate knjige) Bralna zna\u010dka vsako leto zaznamuje za\u010detek bralnega leta, ki se zaklju\u010di&nbsp;<em><strong>2. aprila<\/strong><\/em>&nbsp;(Mednarodni dan mladinske knjige) prihodnje leto.<\/div>\n<div>&nbsp;<\/div>\n<div>Osnovni cilj branja za Bralno zna\u010dko je vzgojiti bralca, ki bo bral vse \u017eivljenje. Vanjo so vklju\u010deni u\u010denci od 1. razreda do zaklju\u010dka \u0161olanja. Na koncu vsakega \u0161olskega leta prejmejo priznanje za uspe\u0161no opravljeno bralno zna\u010dko.<\/div>\n<div>&nbsp;<\/div>\n<div>Seznami knjig za bralno zna\u010dko 2025\/26:<\/div>\n<div>&nbsp;<\/div>\n<div><a href=\"https:\/\/docs.google.com\/document\/d\/1CfU5_cTRAaYLm4WtA7N28lRrmpJuRc1v\/edit?usp=sharing&amp;ouid=102975752323383495056&amp;rtpof=true&amp;sd=true\" target=\"_blank\" rel=\"noopener\">1. razred<\/a><\/div>\n<div><a href=\"https:\/\/docs.google.com\/document\/d\/1BR-QdpOuxRZ7T9aWJi8Wm8u4lwvQcrL6\/edit?usp=sharing&amp;ouid=102975752323383495056&amp;rtpof=true&amp;sd=true\" target=\"_blank\" rel=\"noopener\">2. razred<\/a><\/div>\n<div><a href=\"https:\/\/docs.google.com\/document\/d\/1W-DvtzDolqiDe_k1s-P1rf1G4OKrZ3Et\/edit?usp=sharing&amp;ouid=102975752323383495056&amp;rtpof=true&amp;sd=true\" target=\"_blank\" rel=\"noopener\">3. razred<\/a><\/div>\n<div><a href=\"https:\/\/docs.google.com\/document\/d\/1gehC2QPfTNSPTPZ8oq7OHtLdbQ_IrMlZ\/edit?usp=sharing&amp;ouid=102975752323383495056&amp;rtpof=true&amp;sd=true\" target=\"_blank\" rel=\"noopener\">4. razred<\/a><\/div>\n<div><a href=\"https:\/\/docs.google.com\/document\/d\/1w8AGGYlrqSuWY8kMhCz3V2191uBeA4Lu\/edit?usp=sharing&amp;ouid=102975752323383495056&amp;rtpof=true&amp;sd=true\" target=\"_blank\" rel=\"noopener\">5. razred<\/a><\/div>\n<div><a href=\"https:\/\/docs.google.com\/document\/d\/1IpQhpRjLirOVCkBpG4PDlXg1a9ECTT39\/edit?usp=sharing&amp;ouid=102975752323383495056&amp;rtpof=true&amp;sd=true\" target=\"_blank\" rel=\"noopener\">6. razred<\/a><\/div>\n<div><a href=\"https:\/\/docs.google.com\/document\/d\/1_lBosv65mTYTdGPB0MNrS0it5zQz6LoT\/edit?usp=sharing&amp;ouid=102975752323383495056&amp;rtpof=true&amp;sd=true\" target=\"_blank\" rel=\"noopener\">7. razred<\/a><\/div>\n<div><a href=\"https:\/\/docs.google.com\/document\/d\/1U9WbDnYJ4Cu0pXN_F0C7bNJXQQekr_ef\/edit?usp=sharing&amp;ouid=102975752323383495056&amp;rtpof=true&amp;sd=true\" target=\"_blank\" rel=\"noopener\">8. in 9. razred<\/a><\/div>\n<div>&nbsp;<\/div>\n<div><a href=\"https:\/\/docs.google.com\/document\/d\/1JCvmMDeHFfD8FuFDoN0rmk2ICvNAZmM8\/edit?usp=sharing&amp;ouid=102975752323383495056&amp;rtpof=true&amp;sd=true\" target=\"_blank\" rel=\"noopener\">ODRASLI<\/a><\/div>\n<div>&nbsp;<\/div>\n<div><a href=\"https:\/\/forms.gle\/7jHZWN43umLKGHNh9\">Obrazec za odrasle bralce<\/a><\/div>\n<div>&nbsp;<\/div>\n","protected":false},"excerpt":{"rendered":"<p>Bralna zna\u010dka je slovensko gibanje, ki \u017ee ve\u010d kot 50 let spodbuja razvoj bralne kulture mladih.&nbsp;17. septembra&nbsp;(Dan zlate knjige) Bralna zna\u010dka vsako leto zaznamuje za\u010detek bralnega leta, ki se zaklju\u010di&nbsp;2. aprila&nbsp;(Mednarodni dan mladinske knjige) prihodnje leto. &nbsp; Osnovni cilj branja za Bralno zna\u010dko je vzgojiti bralca, ki bo bral vse \u017eivljenje. Vanjo so vklju\u010deni u\u010denci [&hellip;]<\/p>\n","protected":false},"author":3495,"featured_media":0,"parent":0,"menu_order":0,"comment_status":"closed","ping_status":"open","template":"","meta":{"ngg_post_thumbnail":0,"footnotes":""},"class_list":["post-235","page","type-page","status-publish","hentry"],"_links":{"self":[{"href":"https:\/\/osknezak.splet.arnes.si\/index.php?rest_route=\/wp\/v2\/pages\/235","targetHints":{"allow":["GET"]}}],"collection":[{"href":"https:\/\/osknezak.splet.arnes.si\/index.php?rest_route=\/wp\/v2\/pages"}],"about":[{"href":"https:\/\/osknezak.splet.arnes.si\/index.php?rest_route=\/wp\/v2\/types\/page"}],"author":[{"embeddable":true,"href":"https:\/\/osknezak.splet.arnes.si\/index.php?rest_route=\/wp\/v2\/users\/3495"}],"replies":[{"embeddable":true,"href":"https:\/\/osknezak.splet.arnes.si\/index.php?rest_route=%2Fwp%2Fv2%2Fcomments&post=235"}],"version-history":[{"count":13,"href":"https:\/\/osknezak.splet.arnes.si\/index.php?rest_route=\/wp\/v2\/pages\/235\/revisions"}],"predecessor-version":[{"id":10655,"href":"https:\/\/osknezak.splet.arnes.si\/index.php?rest_route=\/wp\/v2\/pages\/235\/revisions\/10655"}],"wp:attachment":[{"href":"https:\/\/osknezak.splet.arnes.si\/index.php?rest_route=%2Fwp%2Fv2%2Fmedia&parent=235"}],"curies":[{"name":"wp","href":"https:\/\/api.w.org\/{rel}","templated":true}]}}