{"id":225,"date":"2015-09-02T12:09:45","date_gmt":"2015-09-02T10:09:45","guid":{"rendered":"http:\/\/osknezak.splet.arnes.si\/?page_id=225"},"modified":"2024-09-10T10:20:54","modified_gmt":"2024-09-10T08:20:54","slug":"organiziranost","status":"publish","type":"page","link":"https:\/\/osknezak.splet.arnes.si\/?page_id=225","title":{"rendered":"Organiziranost"},"content":{"rendered":"<p>\u0160olska knji\u017enica se kot sestavni del \u0161ole vklju\u010duje in prepleta s celotnim vzgojno-izobra\u017eevalnim delom. Knji\u017eni\u010dno gradivo in program dela sta usklajena s potrebami u\u010dencev in delavcev \u0161ole. Je informacijsko sredi\u0161\u010de, namenjeno izobra\u017eevanju, delu in sprostitvi.<\/p>\n<p><a href=\"http:\/\/osknezak.splet.arnes.si\/files\/2015\/09\/vrni_me.jpg\"><img loading=\"lazy\" decoding=\"async\" class=\"alignnone wp-image-229\" src=\"http:\/\/osknezak.splet.arnes.si\/files\/2015\/09\/vrni_me-300x300.jpg\" alt=\"vrni_me\" width=\"219\" height=\"219\" srcset=\"https:\/\/osknezak.splet.arnes.si\/files\/2015\/09\/vrni_me-300x300.jpg 300w, https:\/\/osknezak.splet.arnes.si\/files\/2015\/09\/vrni_me-150x150.jpg 150w, https:\/\/osknezak.splet.arnes.si\/files\/2015\/09\/vrni_me.jpg 462w\" sizes=\"auto, (max-width: 219px) 100vw, 219px\" \/><\/a><\/p>\n<h1>Knji\u017eni\u010dna pravila:<\/h1>\n<table>\n<tbody>\n<tr>\n<td width=\"262\"><strong><span style=\"color: #008000\">10 x DA<\/span><\/strong><\/td>\n<td width=\"255\"><span style=\"color: #ff0000\"><strong>10 x NE<\/strong><\/span><\/td>\n<\/tr>\n<tr>\n<td width=\"262\"><strong>&#8211; BEREM KNJIGE IN REVIJE<\/strong><\/p>\n<p><strong>&#8211; PI\u0160EM REFERATE<\/strong><\/p>\n<p><strong>&#8211; NAJDEM SVOJ MIR<\/strong><\/p>\n<p><strong>&#8211; SE U\u010cIM<\/strong><\/p>\n<p><strong>&#8211; PI\u0160EM DOMA\u010cO NALOGO<\/strong><\/p>\n<p><strong>&#8211; SE POGOVARJAM S PRIJATELJI<\/strong><\/p>\n<p><strong>&#8211; RE\u0160UJEM KNJI\u017dNE UGANKE<\/strong><\/p>\n<p><strong>&#8211; BOGATIM SVOJ BESEDNI ZAKLAD<\/strong><\/p>\n<p><strong>&#8211; UPORABLJAM RA\u010cUNALNIK<\/strong><\/p>\n<p><strong>&#8211; SE SPROSTIM<\/strong><\/td>\n<td width=\"255\"><strong>&#8211; NE JEM IN NE PIJEM <\/strong><\/p>\n<p>&#8211;&nbsp;<strong>SE NE LOVIM IN SKRIVAM <\/strong><\/p>\n<p>&#8211; <strong>NE VPIJEM <\/strong><\/p>\n<p>&#8211;&nbsp;<strong>NE TEKAM PO KNJI\u017dNICI <\/strong><\/p>\n<p>&#8211;&nbsp;<strong>NE HODIM PO SEDE\u017dIH <\/strong><\/p>\n<p>&#8211;&nbsp;<strong>NE PREKLINJAM <\/strong><\/p>\n<p>&#8211; <strong>SE NE PRETEPAM <\/strong><\/p>\n<p>&#8211;&nbsp;<strong>NE TRGAM IN UNI\u010cUJEM KNJIG <\/strong><\/p>\n<p>&#8211; <strong>SE NE NOR\u010cUJEM IZ MLAJ\u0160IH U\u010cENCEV <\/strong><\/p>\n<p>&#8211;&nbsp;<strong>NE UPORABLJAM MOBILNEGA TELEFONA<\/strong><\/td>\n<\/tr>\n<\/tbody>\n<\/table>\n<p>Cilji \u0161olske knji\u017enice v \u0161olskem letu 2024\/25:<\/p>\n<ul>\n<li>posodobiti knji\u017eni\u010dno gradivo,<\/li>\n<li>pove\u010dati izposojo knji\u017enega gradiva,<\/li>\n<li>motivirati u\u010dence za branje,<\/li>\n<li>sodelovati v doma\u010dih in evropskih izobra\u017eevalnih projektih.<\/li>\n<\/ul>\n<h1><strong>Naloge \u0161olske knji\u017enice:<\/strong><\/h1>\n<ul>\n<li>z u\u010denjem uporabe knji\u017enice, njenega gradiva in informacijskih virov pomagati nau\u010diti u\u010dence u\u010diti najti potrebne &nbsp;&nbsp;&nbsp;&nbsp;informacije, ravnati z njimi ter razvijati fleksibilnost,<\/li>\n<li>spodbujati branje ter razvijati kriti\u010dno mi\u0161ljenje in problemsko zasnovano u\u010denje,<\/li>\n<li>vklju\u010devatirazli\u010dneoblikemetodedela s knji\u017enim in multimedijskimgradivom,<\/li>\n<li>uvajati samostojno delo pri urah KIZ- <strong>vsak razred ima na\u010drtovane 4 ure knji\u017eni\u010dno-informacijskih znanj (KIZ). Za te ure se po dogovoru z u\u010ditelji predvideni meseci izvajanja lahko tudi spremenijo, glede na potrebe in prilagajanje u\u010dni snovi pri pouku. <\/strong><\/li>\n<\/ul>\n<p><a href=\"http:\/\/osknezak.splet.arnes.si\/files\/2015\/09\/knjiznica1.gif\"><img loading=\"lazy\" decoding=\"async\" class=\"alignnone size-full wp-image-228\" src=\"http:\/\/osknezak.splet.arnes.si\/files\/2015\/09\/knjiznica1.gif\" alt=\"knjiznica1\" width=\"157\" height=\"167\"><\/a><\/p>\n<h1>Dejavnosti \u0161olske knji\u017enice:<\/h1>\n<table>\n<tbody>\n<tr>\n<td width=\"243\"><strong>Strokovno bibliotekarsko delo:<\/strong><\/td>\n<td width=\"416\">&#8211; &nbsp;nabava knji\u017eni\u010dnega gradiva<\/p>\n<p>&#8211;&nbsp; strokovna bibliotekarska obdelava knji\u017eni\u010dnega gradiva<\/p>\n<p>&#8211; &nbsp;oprema, ureditev in strokovna postavitev knji\u017eni\u010dnega gradiva<\/p>\n<p>&#8211;&nbsp; vodenje vsakodnevne statistike in druge dokumentacije o uporabi in izposoji gradiva<\/p>\n<p>&#8211;&nbsp; oblikovanje letnega delovnega na\u010drta<\/td>\n<\/tr>\n<tr>\n<td width=\"243\"><strong>Bibliopedago\u0161ko delo:<\/strong><\/td>\n<td width=\"416\">&#8211;&nbsp; pedago\u0161ke ure z oddelki in priprava na ure knji\u017eni\u010dno informacijskih znanj<\/p>\n<p>&#8211;&nbsp; vodenje knji\u017enih ugank<\/p>\n<p>&#8211;&nbsp; delo z mladimi bralci \u2013 Bralna zna\u010dka<\/p>\n<p>&#8211;&nbsp; organiziranje in priprava knji\u017enih razstav<\/p>\n<p>&#8211;&nbsp; organiziranje in vodenje zaklju\u010dka Bralne zna\u010dke<\/p>\n<p>&#8211;&nbsp; prilo\u017enostna nadome\u0161\u010danja in priprava nanje<\/td>\n<\/tr>\n<tr>\n<td width=\"243\"><strong>Sodelovanje z u\u010ditelji in<\/strong><\/p>\n<p><strong>drugimi strokovnimi delavci:<\/strong><\/td>\n<td width=\"416\">&#8211;&nbsp; posvet o nakupu novosti za knji\u017enico<\/p>\n<p>&#8211;&nbsp; organiziranje branja za bralno zna\u010dko in druga branja v \u0161olski knji\u017enici<\/p>\n<p>&#8211;&nbsp; sodelovanje na pedago\u0161kih in drugih konferencah<\/p>\n<p>&#8211;&nbsp; seznanjanje sodelavcev z novostmi v \u0161olski knji\u017enici<\/p>\n<p>&#8211;&nbsp; letna priprava na knji\u017eno in knji\u017eni\u010dno vzgojo<\/p>\n<p>&#8211;&nbsp; iskanje informacij po internetu in v sistemu COBISS<\/td>\n<\/tr>\n<tr>\n<td width=\"243\"><strong>Sodelovanje s star\u0161i:<\/strong><\/td>\n<td width=\"416\">&#8211;&nbsp; pomo\u010d pri izposoji knji\u017eni\u010dnega gradiva<\/p>\n<p>&#8211;&nbsp; svetovanje pri izposoji<\/td>\n<\/tr>\n<tr>\n<td width=\"243\"><strong>Strokovni izobra\u017eevanje na \u0161oli ali v drugih organizacijah:<\/strong><\/td>\n<td width=\"416\">&#8211;&nbsp; sodelovanje na \u0161tudijski skupini obalno-kra\u0161ke regije<\/p>\n<p>&#8211;&nbsp; sodelovanje v seminarjih, ki bodo potekali na \u0161oli<\/td>\n<\/tr>\n<tr>\n<td width=\"243\"><strong>U\u010dbeni\u0161ki sklad:<\/strong><\/td>\n<td width=\"416\">&#8211;&nbsp; zbiranje podatkov o u\u010dbenikih iz Kataloga, ki jih bodo u\u010ditelji uporabljali v razredu<\/p>\n<p>&#8211;&nbsp; obve\u0161\u010danje dijakov o izbranih u\u010dbeni\u0161kih kompletih<\/p>\n<p>&#8211;&nbsp; po\u0161iljanje naro\u010dilnic star\u0161em<\/p>\n<p>&#8211;&nbsp; priprava zbirnih seznamov naro\u010denih kompletov<\/p>\n<p>&#8211;&nbsp; naro\u010danje u\u010dbeni\u0161kih kompletov<\/p>\n<p>&#8211;&nbsp; priprava in razdeljevanje u\u010dbeni\u0161kih kompletov<\/p>\n<p>&#8211;&nbsp; vodenje evidence o izposoji in vra\u010dilu u\u010dbenikov<\/p>\n<p>&#8211;&nbsp; pobiranje u\u010dbenikov ob koncu \u0161olskega leta<\/p>\n<p>&#8211;&nbsp; poro\u010dilo o u\u010dbeni\u0161kem skladu<\/td>\n<\/tr>\n<tr>\n<td width=\"243\"><strong>Drugo delo:<\/strong><\/td>\n<td width=\"416\">&#8211;&nbsp; sodelovanje pri naravoslovnih, kulturnih in \u0161portnih dnevih<\/p>\n<p>&#8211;&nbsp;&nbsp;sodelovanje pri \u0161olskih ekskurzijah<\/p>\n<p>&#8211;&nbsp;&nbsp;vodenje in sodelovanje v projektih na \u0161oli<\/p>\n<p>&#8211;&nbsp;&nbsp;izdelava in realizacija letnega delovnega na\u010drta \u0161olske knji\u017enice<\/p>\n<p>&#8211;&nbsp;&nbsp;izdelava in realizacija letne priprave na pouk knji\u017eni\u010dnih informacijskih znanj v \u0161olski knji\u017enici<\/p>\n<p>&#8211;&nbsp;&nbsp;izdelava in realizacija letnega na\u010drta dela projektnih dejavnosti<\/td>\n<\/tr>\n<\/tbody>\n<\/table>\n<p>&nbsp;<\/p>\n","protected":false},"excerpt":{"rendered":"<p>\u0160olska knji\u017enica se kot sestavni del \u0161ole vklju\u010duje in prepleta s celotnim vzgojno-izobra\u017eevalnim delom. Knji\u017eni\u010dno gradivo in program dela sta usklajena s potrebami u\u010dencev in delavcev \u0161ole. Je informacijsko sredi\u0161\u010de, namenjeno izobra\u017eevanju, delu in sprostitvi. Knji\u017eni\u010dna pravila: 10 x DA 10 x NE &#8211; BEREM KNJIGE IN REVIJE &#8211; PI\u0160EM REFERATE &#8211; NAJDEM SVOJ MIR [&hellip;]<\/p>\n","protected":false},"author":3495,"featured_media":0,"parent":0,"menu_order":0,"comment_status":"closed","ping_status":"open","template":"","meta":{"ngg_post_thumbnail":0,"footnotes":""},"class_list":["post-225","page","type-page","status-publish","hentry"],"_links":{"self":[{"href":"https:\/\/osknezak.splet.arnes.si\/index.php?rest_route=\/wp\/v2\/pages\/225","targetHints":{"allow":["GET"]}}],"collection":[{"href":"https:\/\/osknezak.splet.arnes.si\/index.php?rest_route=\/wp\/v2\/pages"}],"about":[{"href":"https:\/\/osknezak.splet.arnes.si\/index.php?rest_route=\/wp\/v2\/types\/page"}],"author":[{"embeddable":true,"href":"https:\/\/osknezak.splet.arnes.si\/index.php?rest_route=\/wp\/v2\/users\/3495"}],"replies":[{"embeddable":true,"href":"https:\/\/osknezak.splet.arnes.si\/index.php?rest_route=%2Fwp%2Fv2%2Fcomments&post=225"}],"version-history":[{"count":7,"href":"https:\/\/osknezak.splet.arnes.si\/index.php?rest_route=\/wp\/v2\/pages\/225\/revisions"}],"predecessor-version":[{"id":10004,"href":"https:\/\/osknezak.splet.arnes.si\/index.php?rest_route=\/wp\/v2\/pages\/225\/revisions\/10004"}],"wp:attachment":[{"href":"https:\/\/osknezak.splet.arnes.si\/index.php?rest_route=%2Fwp%2Fv2%2Fmedia&parent=225"}],"curies":[{"name":"wp","href":"https:\/\/api.w.org\/{rel}","templated":true}]}}