{"id":188,"date":"2015-08-31T10:49:07","date_gmt":"2015-08-31T08:49:07","guid":{"rendered":"http:\/\/osknezak.splet.arnes.si\/?page_id=188"},"modified":"2021-03-25T15:59:42","modified_gmt":"2021-03-25T14:59:42","slug":"svet-sole","status":"publish","type":"page","link":"https:\/\/osknezak.splet.arnes.si\/?page_id=188","title":{"rendered":"Svet \u0161ole"},"content":{"rendered":"<p>Svet \u0161ole sestavljajo trije predstavniki ustanovitelja, trije predstavniki star\u0161ev in pet predstavnikov delavcev \u0161ole oziroma vrtca.<br \/>\n\u010clani sveta so imenovani oziroma izvoljeni za \u0161tiri leta in so lahko ponovno imenovani oziroma izvoljeni najve\u010d dvakrat zaporedoma. \u010clani sveta \u0161ole so:<\/p>\n<p>*\u00a0 Lilijana Valen\u010di\u010d, Vojko Mihelj, Stojan Bilc (predstavniki ustanovitelja)<br \/>\n* Jana Prosen Tom\u0161i\u010d, Marko Tom\u0161i\u010d, Valter Urban\u010di\u010d (predstavniki star\u0161ev)<br \/>\n* Martina B. Jenko, Morena Hostinger, Nata\u0161a Frank, Anja Tom\u0161i\u010d (predstavniki \u0161ole in vrtca)<\/p>\n<p>Predsednica sveta \u0161ole je Tanja Bla\u017eek.<\/p>\n<p>Pristojnosti sveta<\/p>\n<p>Imenuje ravnatelja, potrjuje letni delovni na\u010drt in poro\u010dilo o njegovi realizaciji, samoevalvacijsko poro\u010dilo, finan\u010dni na\u010drt zavoda, odlo\u010da o nadstandardnih programih, obravnava poro\u010dila o vzgojno-izobra\u017eevalni problematiki ter letno poro\u010dilo in odlo\u010da o prito\u017ebah (48. \u010dlen ZOFVI).<br \/>\nSvet zavoda sprejema svoje odlo\u010ditve z ve\u010dino glasov vseh \u010dlanov.<\/p>\n","protected":false},"excerpt":{"rendered":"<p>Svet \u0161ole sestavljajo trije predstavniki ustanovitelja, trije predstavniki star\u0161ev in pet predstavnikov delavcev \u0161ole oziroma vrtca. \u010clani sveta so imenovani oziroma izvoljeni za \u0161tiri leta in so lahko ponovno imenovani oziroma izvoljeni najve\u010d dvakrat zaporedoma. \u010clani sveta \u0161ole so: *\u00a0 Lilijana Valen\u010di\u010d, Vojko Mihelj, Stojan Bilc (predstavniki ustanovitelja) * Jana Prosen Tom\u0161i\u010d, Marko Tom\u0161i\u010d, Valter [&hellip;]<\/p>\n","protected":false},"author":3495,"featured_media":0,"parent":0,"menu_order":0,"comment_status":"closed","ping_status":"open","template":"","meta":{"ngg_post_thumbnail":0,"footnotes":""},"class_list":["post-188","page","type-page","status-publish","hentry"],"_links":{"self":[{"href":"https:\/\/osknezak.splet.arnes.si\/index.php?rest_route=\/wp\/v2\/pages\/188","targetHints":{"allow":["GET"]}}],"collection":[{"href":"https:\/\/osknezak.splet.arnes.si\/index.php?rest_route=\/wp\/v2\/pages"}],"about":[{"href":"https:\/\/osknezak.splet.arnes.si\/index.php?rest_route=\/wp\/v2\/types\/page"}],"author":[{"embeddable":true,"href":"https:\/\/osknezak.splet.arnes.si\/index.php?rest_route=\/wp\/v2\/users\/3495"}],"replies":[{"embeddable":true,"href":"https:\/\/osknezak.splet.arnes.si\/index.php?rest_route=%2Fwp%2Fv2%2Fcomments&post=188"}],"version-history":[{"count":6,"href":"https:\/\/osknezak.splet.arnes.si\/index.php?rest_route=\/wp\/v2\/pages\/188\/revisions"}],"predecessor-version":[{"id":7564,"href":"https:\/\/osknezak.splet.arnes.si\/index.php?rest_route=\/wp\/v2\/pages\/188\/revisions\/7564"}],"wp:attachment":[{"href":"https:\/\/osknezak.splet.arnes.si\/index.php?rest_route=%2Fwp%2Fv2%2Fmedia&parent=188"}],"curies":[{"name":"wp","href":"https:\/\/api.w.org\/{rel}","templated":true}]}}