{"id":173,"date":"2015-08-28T23:45:26","date_gmt":"2015-08-28T21:45:26","guid":{"rendered":"http:\/\/osknezak.splet.arnes.si\/?page_id=173"},"modified":"2015-09-02T12:06:58","modified_gmt":"2015-09-02T10:06:58","slug":"solski-zvonec","status":"publish","type":"page","link":"https:\/\/osknezak.splet.arnes.si\/?page_id=173","title":{"rendered":"\u0160olski zvonec"},"content":{"rendered":"<p>\u010casovni razpored pedago\u0161kih ur in odmorov<\/p>\n<table border=\"1\" cellspacing=\"1\" cellpadding=\"1\">\n<tbody>\n<tr>\n<td align=\"center\"><strong>Ura\/predura<\/strong><\/td>\n<td align=\"center\">7.30 \u2013 7.55<\/td>\n<td align=\"center\"><strong>Odmori <\/strong><\/td>\n<td><\/td>\n<\/tr>\n<tr>\n<td align=\"center\">1. ura<\/td>\n<td align=\"center\">8.00 \u2013 8.45<\/td>\n<td align=\"center\">1. odmor<\/td>\n<td align=\"center\">8.45 \u2013 8.50<\/td>\n<\/tr>\n<tr>\n<td align=\"center\">2. ura<\/td>\n<td align=\"center\">8.50 \u2013 9.35<\/td>\n<td align=\"center\">glavni odmor<\/td>\n<td align=\"center\">9.35 \u2013 10.00<\/td>\n<\/tr>\n<tr>\n<td align=\"center\">3. ura<\/td>\n<td align=\"center\">10.00 \u2013 10.45<\/td>\n<td align=\"center\">3. odmor<\/td>\n<td align=\"center\">10.45 \u2013 10.50<\/td>\n<\/tr>\n<tr>\n<td align=\"center\">4. ura<\/td>\n<td align=\"center\">10.50 \u2013 11.35<\/td>\n<td align=\"center\">4. odmor<\/td>\n<td align=\"center\">11.35 \u2013 11.40<\/td>\n<\/tr>\n<tr>\n<td align=\"center\">5. ura<\/td>\n<td align=\"center\">11.40 \u2013 12.25<\/td>\n<td align=\"center\">5. odmor<\/td>\n<td align=\"center\">12.25 \u2013 12.30<\/td>\n<\/tr>\n<tr>\n<td align=\"center\">6. ura<\/td>\n<td align=\"center\">12.30 \u2013 13.15<\/td>\n<td align=\"center\">6. odmor<\/td>\n<td align=\"center\">13.15 \u2013 13.30<\/td>\n<\/tr>\n<tr>\n<td align=\"center\">7. ura<\/td>\n<td align=\"center\">13.30 \u2013 14.15<\/td>\n<\/tr>\n<\/tbody>\n<\/table>\n<p>&nbsp;<\/p>\n","protected":false},"excerpt":{"rendered":"<p>\u010casovni razpored pedago\u0161kih ur in odmorov Ura\/predura 7.30 \u2013 7.55 Odmori 1. ura 8.00 \u2013 8.45 1. odmor 8.45 \u2013 8.50 2. ura 8.50 \u2013 9.35 glavni odmor 9.35 \u2013 10.00 3. ura 10.00 \u2013 10.45 3. odmor 10.45 \u2013 10.50 4. ura 10.50 \u2013 11.35 4. odmor 11.35 \u2013 11.40 5. ura 11.40 \u2013 [&hellip;]<\/p>\n","protected":false},"author":3495,"featured_media":0,"parent":0,"menu_order":0,"comment_status":"closed","ping_status":"open","template":"","meta":{"ngg_post_thumbnail":0,"footnotes":""},"class_list":["post-173","page","type-page","status-publish","hentry"],"_links":{"self":[{"href":"https:\/\/osknezak.splet.arnes.si\/index.php?rest_route=\/wp\/v2\/pages\/173","targetHints":{"allow":["GET"]}}],"collection":[{"href":"https:\/\/osknezak.splet.arnes.si\/index.php?rest_route=\/wp\/v2\/pages"}],"about":[{"href":"https:\/\/osknezak.splet.arnes.si\/index.php?rest_route=\/wp\/v2\/types\/page"}],"author":[{"embeddable":true,"href":"https:\/\/osknezak.splet.arnes.si\/index.php?rest_route=\/wp\/v2\/users\/3495"}],"replies":[{"embeddable":true,"href":"https:\/\/osknezak.splet.arnes.si\/index.php?rest_route=%2Fwp%2Fv2%2Fcomments&post=173"}],"version-history":[{"count":2,"href":"https:\/\/osknezak.splet.arnes.si\/index.php?rest_route=\/wp\/v2\/pages\/173\/revisions"}],"predecessor-version":[{"id":224,"href":"https:\/\/osknezak.splet.arnes.si\/index.php?rest_route=\/wp\/v2\/pages\/173\/revisions\/224"}],"wp:attachment":[{"href":"https:\/\/osknezak.splet.arnes.si\/index.php?rest_route=%2Fwp%2Fv2%2Fmedia&parent=173"}],"curies":[{"name":"wp","href":"https:\/\/api.w.org\/{rel}","templated":true}]}}