{"id":167,"date":"2015-08-28T23:44:41","date_gmt":"2015-08-28T21:44:41","guid":{"rendered":"http:\/\/osknezak.splet.arnes.si\/?page_id=167"},"modified":"2024-09-10T10:19:39","modified_gmt":"2024-09-10T08:19:39","slug":"prevozi","status":"publish","type":"page","link":"https:\/\/osknezak.splet.arnes.si\/?page_id=167","title":{"rendered":"Prevozi"},"content":{"rendered":"<p>U\u010denci voza\u010di so vsi u\u010denci, ki bivajo izven naselja Kne\u017eak.<\/p>\n<p>Za organiziran brezpla\u010den prevoz vseh u\u010dencev skrbi lokalna skupnost, ki sklepa vsakoletno pogodbo z izbranim ponudnikom.<\/p>\n<p>Prevoznik je dol\u017ean opraviti prevoze v skladu z navodili in zakonodajo, ki ureja varnost otrok v cestnem prometu.<\/p>\n<p><span id=\"internal-source-marker_0.39088999547260606\">Jutranji prevozi<\/span><\/p>\n<div dir=\"ltr\">\n<table>\n<colgroup>\n<col width=\"164\">\n<col width=\"69\">\n<col width=\"107\"><\/colgroup>\n<tbody>\n<tr>\n<td>RELACIJA<\/td>\n<td>ODHOD<\/td>\n<td>PRIHOD \u0160OLA<\/td>\n<\/tr>\n<tr>\n<td>\u0160embije \u2013 O\u0160 Kne\u017eak<\/td>\n<td>6.52<\/td>\n<td>7.10<\/td>\n<\/tr>\n<tr>\n<td>Koritnice \u2013 O\u0160 Kne\u017eak<\/td>\n<td>7.01<\/td>\n<td>7.10<\/td>\n<\/tr>\n<tr>\n<td>Ba\u010d \u2013 O\u0160 Kne\u017eak<\/td>\n<td><span style=\"color: #ff0000\">7.06<\/span><\/td>\n<td>7.10<\/td>\n<\/tr>\n<tr>\n<td>Ba\u010d &#8211; O\u0160 Kne\u017eak (vozi po potrebi)<\/td>\n<td>7.13<\/td>\n<td>7.17<\/td>\n<\/tr>\n<\/tbody>\n<\/table>\n<\/div>\n<p>Popoldanski prevozi<\/p>\n<div dir=\"ltr\">\n<table style=\"height: 183px\" width=\"625\">\n<colgroup>\n<col width=\"162\">\n<col width=\"107\">\n<col width=\"69\"><\/colgroup>\n<tbody>\n<tr>\n<td>RELACIJA<\/td>\n<td>ODHOD \u0160OLA<\/td>\n<td>PRIHOD<\/td>\n<\/tr>\n<tr>\n<td>O\u0160 Kne\u017eak &#8211; Ba\u010d<\/td>\n<td>13.45<\/td>\n<td>13.47<\/td>\n<\/tr>\n<tr>\n<td>O\u0160 Kne\u017eak &#8211; Koritnice<\/td>\n<td>13.45<\/td>\n<td>13.53<\/td>\n<\/tr>\n<tr>\n<td>O\u0160 Kne\u017eak &#8211; \u0160embije<\/td>\n<td>14.00<\/td>\n<td>14.05<\/td>\n<\/tr>\n<tr>\n<td>O\u0160 Kne\u017eak &#8211; Ba\u010d &#8211; Koritnice &#8211; \u0160embije<\/td>\n<td>14.55<\/td>\n<td>14.57\/15.03\/15.15<\/td>\n<\/tr>\n<\/tbody>\n<\/table>\n<\/div>\n","protected":false},"excerpt":{"rendered":"<p>U\u010denci voza\u010di so vsi u\u010denci, ki bivajo izven naselja Kne\u017eak. Za organiziran brezpla\u010den prevoz vseh u\u010dencev skrbi lokalna skupnost, ki sklepa vsakoletno pogodbo z izbranim ponudnikom. Prevoznik je dol\u017ean opraviti prevoze v skladu z navodili in zakonodajo, ki ureja varnost otrok v cestnem prometu. Jutranji prevozi RELACIJA ODHOD PRIHOD \u0160OLA \u0160embije \u2013 O\u0160 Kne\u017eak 6.52 [&hellip;]<\/p>\n","protected":false},"author":3495,"featured_media":0,"parent":0,"menu_order":0,"comment_status":"closed","ping_status":"open","template":"","meta":{"ngg_post_thumbnail":0,"footnotes":""},"class_list":["post-167","page","type-page","status-publish","hentry"],"_links":{"self":[{"href":"https:\/\/osknezak.splet.arnes.si\/index.php?rest_route=\/wp\/v2\/pages\/167","targetHints":{"allow":["GET"]}}],"collection":[{"href":"https:\/\/osknezak.splet.arnes.si\/index.php?rest_route=\/wp\/v2\/pages"}],"about":[{"href":"https:\/\/osknezak.splet.arnes.si\/index.php?rest_route=\/wp\/v2\/types\/page"}],"author":[{"embeddable":true,"href":"https:\/\/osknezak.splet.arnes.si\/index.php?rest_route=\/wp\/v2\/users\/3495"}],"replies":[{"embeddable":true,"href":"https:\/\/osknezak.splet.arnes.si\/index.php?rest_route=%2Fwp%2Fv2%2Fcomments&post=167"}],"version-history":[{"count":7,"href":"https:\/\/osknezak.splet.arnes.si\/index.php?rest_route=\/wp\/v2\/pages\/167\/revisions"}],"predecessor-version":[{"id":10003,"href":"https:\/\/osknezak.splet.arnes.si\/index.php?rest_route=\/wp\/v2\/pages\/167\/revisions\/10003"}],"wp:attachment":[{"href":"https:\/\/osknezak.splet.arnes.si\/index.php?rest_route=%2Fwp%2Fv2%2Fmedia&parent=167"}],"curies":[{"name":"wp","href":"https:\/\/api.w.org\/{rel}","templated":true}]}}