{"id":164,"date":"2015-08-28T23:44:29","date_gmt":"2015-08-28T21:44:29","guid":{"rendered":"http:\/\/osknezak.splet.arnes.si\/?page_id=164"},"modified":"2015-10-15T13:19:16","modified_gmt":"2015-10-15T11:19:16","slug":"predmetnik","status":"publish","type":"page","link":"https:\/\/osknezak.splet.arnes.si\/?page_id=164","title":{"rendered":"Predmetnik"},"content":{"rendered":"<p>S predmetnikom se dolo\u010dijo izbirni predmeti, letno in tedensko \u0161tevilo ur pouka posameznih obveznih in izbirnih predmetov oziroma predmetnih podro\u010dij, \u0161tevilo ur oddel\u010dne skupnosti in minimalno \u0161tevilo ur, potrebnih za uresni\u010devanje u\u010dnega na\u010drta.<\/p>\n<p>Podroben predmetnik si lahko ogledate <a href=\"http:\/\/osknezak.splet.arnes.si\/files\/2015\/08\/Predmetnik.pdf\">Predmetnik<\/a><\/p>\n","protected":false},"excerpt":{"rendered":"<p>S predmetnikom se dolo\u010dijo izbirni predmeti, letno in tedensko \u0161tevilo ur pouka posameznih obveznih in izbirnih predmetov oziroma predmetnih podro\u010dij, \u0161tevilo ur oddel\u010dne skupnosti in minimalno \u0161tevilo ur, potrebnih za uresni\u010devanje u\u010dnega na\u010drta. Podroben predmetnik si lahko ogledate Predmetnik<\/p>\n","protected":false},"author":3495,"featured_media":0,"parent":0,"menu_order":0,"comment_status":"closed","ping_status":"open","template":"","meta":{"ngg_post_thumbnail":0,"footnotes":""},"class_list":["post-164","page","type-page","status-publish","hentry"],"_links":{"self":[{"href":"https:\/\/osknezak.splet.arnes.si\/index.php?rest_route=\/wp\/v2\/pages\/164","targetHints":{"allow":["GET"]}}],"collection":[{"href":"https:\/\/osknezak.splet.arnes.si\/index.php?rest_route=\/wp\/v2\/pages"}],"about":[{"href":"https:\/\/osknezak.splet.arnes.si\/index.php?rest_route=\/wp\/v2\/types\/page"}],"author":[{"embeddable":true,"href":"https:\/\/osknezak.splet.arnes.si\/index.php?rest_route=\/wp\/v2\/users\/3495"}],"replies":[{"embeddable":true,"href":"https:\/\/osknezak.splet.arnes.si\/index.php?rest_route=%2Fwp%2Fv2%2Fcomments&post=164"}],"version-history":[{"count":4,"href":"https:\/\/osknezak.splet.arnes.si\/index.php?rest_route=\/wp\/v2\/pages\/164\/revisions"}],"predecessor-version":[{"id":389,"href":"https:\/\/osknezak.splet.arnes.si\/index.php?rest_route=\/wp\/v2\/pages\/164\/revisions\/389"}],"wp:attachment":[{"href":"https:\/\/osknezak.splet.arnes.si\/index.php?rest_route=%2Fwp%2Fv2%2Fmedia&parent=164"}],"curies":[{"name":"wp","href":"https:\/\/api.w.org\/{rel}","templated":true}]}}