{"id":149,"date":"2015-08-28T23:43:29","date_gmt":"2015-08-28T21:43:29","guid":{"rendered":"http:\/\/osknezak.splet.arnes.si\/?page_id=149"},"modified":"2017-09-14T13:14:44","modified_gmt":"2017-09-14T11:14:44","slug":"dnevi-dejavnosti","status":"publish","type":"page","link":"https:\/\/osknezak.splet.arnes.si\/?page_id=149","title":{"rendered":"Dnevi dejavnosti"},"content":{"rendered":"<p>OPREDELITEV IN CILJI<\/p>\n<p>Dnevi dejavnosti so tisti del obveznega programa osnovne \u0161ole, ki medpredmetno povezujejo<br \/>\ndiscipline in predmetna podro\u010dja, vklju\u010dena v predmetnik osnovne \u0161ole. Dnevi dejavnosti<br \/>\npotekajo po letnem delovnem na\u010drtu \u0161ole (\u0161olski kurikulum), ki dolo\u010da njihovo vsebino in<br \/>\norganizacijsko izvedbo. Cilji dni dejavnosti so omogo\u010diti u\u010denkam in u\u010dencem utrjevanje in<br \/>\npovezovanje znanja, pridobljenega pri posameznih predmetih in predmetnih podro\u010djih,<br \/>\nuporabljanje tega znanja in njegovo nadgrajevanje s prakti\u010dnim u\u010denjem v kontekstu<br \/>\nmedsebojnega sodelovanja in odzivanja na aktualne dogodke v o\u017ejem in \u0161ir\u0161em dru\u017ebenem<br \/>\nokolju.<\/p>\n<p>\u0160TEVILO, OBSEG IN POIMENOVANJE DNI DEJAVNOSTI<\/p>\n<p>V \u0161olskem letu je 15 dni dejavnosti, kar v celotnem programu obveznega izobra\u017eevanja znese<br \/>\n135 dni, to je ve\u010d kot 75 % dni, namenjenih pouku v enem \u0161olskem letu.<br \/>\nPosamezni dan dejavnosti se izvede v obsegu 5 pedago\u0161kih ur.<br \/>\nDele\u017ei posameznih sklopov dejavnosti, ki so dolo\u010deni na podlagi upo\u0161tevanja razvoja otrok ter<br \/>\nzastopanosti predmetnega podro\u010dja v predmetniku osnovne \u0161ole, so naslednji:<\/p>\n<table border=\"1\" cellspacing=\"1\" cellpadding=\"1\">\n<tbody>\n<tr>\n<td>\u00a0razred\/poim.<\/td>\n<td>\u00a01.<\/td>\n<td>\u00a02.<\/td>\n<td>3.<\/td>\n<td>4.<\/td>\n<td>5.<\/td>\n<td>6.<\/td>\n<td>\u00a07.<\/td>\n<td>\u00a08.<\/td>\n<td>\u00a09.<\/td>\n<td>\u00a0Skkupaj<\/td>\n<\/tr>\n<tr>\n<td>\u00a0Kulturni d.<\/td>\n<td>\u00a04<\/td>\n<td>\u00a04<\/td>\n<td>\u00a04<\/td>\n<td>\u00a03<\/td>\n<td>\u00a03<\/td>\n<td>\u00a03<\/td>\n<td>\u00a03<\/td>\n<td>\u00a03<\/td>\n<td>\u00a03<\/td>\n<td>\u00a030<\/td>\n<\/tr>\n<tr>\n<td>\u00a0Naravoslovni d.<\/td>\n<td>\u00a03<\/td>\n<td>\u00a03<\/td>\n<td>\u00a03<\/td>\n<td>\u00a03<\/td>\n<td>\u00a03<\/td>\n<td>\u00a03<\/td>\n<td>\u00a03<\/td>\n<td>\u00a03<\/td>\n<td>\u00a03<\/td>\n<td>27<\/td>\n<\/tr>\n<tr>\n<td>\u00a0\u0160portni d.<\/td>\n<td>\u00a05<\/td>\n<td>5<\/td>\n<td>\u00a05<\/td>\n<td>5<\/td>\n<td>\u00a05<\/td>\n<td>\u00a05<\/td>\n<td>\u00a05<\/td>\n<td>\u00a05<\/td>\n<td>\u00a05<\/td>\n<td>\u00a045<\/td>\n<\/tr>\n<tr>\n<td>\u00a0Tehni\u0161ki d.<\/td>\n<td>\u00a03<\/td>\n<td>\u00a03<\/td>\n<td>\u00a03<\/td>\n<td>\u00a04<\/td>\n<td>\u00a04<\/td>\n<td>\u00a04<\/td>\n<td>\u00a04<\/td>\n<td>\u00a03<\/td>\n<td>\u00a03<\/td>\n<td>\u00a033<\/td>\n<\/tr>\n<tr>\n<td>\u00a0Skupaj<\/td>\n<td>\u00a015<\/td>\n<td>\u00a015<\/td>\n<td>\u00a015<\/td>\n<td>\u00a015<\/td>\n<td>\u00a015<\/td>\n<td>\u00a015<\/td>\n<td>\u00a015<\/td>\n<td>\u00a015<\/td>\n<td>\u00a015<\/td>\n<td>\u00a0135<\/td>\n<\/tr>\n<\/tbody>\n<\/table>\n<p><\/p>\n","protected":false},"excerpt":{"rendered":"<p>OPREDELITEV IN CILJI Dnevi dejavnosti so tisti del obveznega programa osnovne \u0161ole, ki medpredmetno povezujejo discipline in predmetna podro\u010dja, vklju\u010dena v predmetnik osnovne \u0161ole. Dnevi dejavnosti potekajo po letnem delovnem na\u010drtu \u0161ole (\u0161olski kurikulum), ki dolo\u010da njihovo vsebino in organizacijsko izvedbo. Cilji dni dejavnosti so omogo\u010diti u\u010denkam in u\u010dencem utrjevanje in povezovanje znanja, pridobljenega pri [&hellip;]<\/p>\n","protected":false},"author":3495,"featured_media":0,"parent":0,"menu_order":0,"comment_status":"closed","ping_status":"open","template":"","meta":{"ngg_post_thumbnail":0,"footnotes":""},"class_list":["post-149","page","type-page","status-publish","hentry"],"_links":{"self":[{"href":"https:\/\/osknezak.splet.arnes.si\/index.php?rest_route=\/wp\/v2\/pages\/149","targetHints":{"allow":["GET"]}}],"collection":[{"href":"https:\/\/osknezak.splet.arnes.si\/index.php?rest_route=\/wp\/v2\/pages"}],"about":[{"href":"https:\/\/osknezak.splet.arnes.si\/index.php?rest_route=\/wp\/v2\/types\/page"}],"author":[{"embeddable":true,"href":"https:\/\/osknezak.splet.arnes.si\/index.php?rest_route=\/wp\/v2\/users\/3495"}],"replies":[{"embeddable":true,"href":"https:\/\/osknezak.splet.arnes.si\/index.php?rest_route=%2Fwp%2Fv2%2Fcomments&post=149"}],"version-history":[{"count":3,"href":"https:\/\/osknezak.splet.arnes.si\/index.php?rest_route=\/wp\/v2\/pages\/149\/revisions"}],"predecessor-version":[{"id":1779,"href":"https:\/\/osknezak.splet.arnes.si\/index.php?rest_route=\/wp\/v2\/pages\/149\/revisions\/1779"}],"wp:attachment":[{"href":"https:\/\/osknezak.splet.arnes.si\/index.php?rest_route=%2Fwp%2Fv2%2Fmedia&parent=149"}],"curies":[{"name":"wp","href":"https:\/\/api.w.org\/{rel}","templated":true}]}}