{"id":143,"date":"2015-08-28T23:38:20","date_gmt":"2015-08-28T21:38:20","guid":{"rendered":"http:\/\/osknezak.splet.arnes.si\/?page_id=143"},"modified":"2025-05-14T13:53:22","modified_gmt":"2025-05-14T11:53:22","slug":"svet-starsev","status":"publish","type":"page","link":"https:\/\/osknezak.splet.arnes.si\/?page_id=143","title":{"rendered":"Svet star\u0161ev"},"content":{"rendered":"<p>Za organizirano uresni\u010devanje interesa star\u0161ev se v javnem vrtcu oziroma \u0161oli oblikuje svet star\u0161ev.<\/p>\n<p>Svet star\u0161ev je sestavljen tako, da ima v njem vsak oddelek po enega predstavnika, ki ga star\u0161i izvolijo na roditeljskem sestanku oddelka.<\/p>\n<p>Prvi sklic sveta star\u0161ev opravi ravnatelj.<\/p>\n<p><a href=\"https:\/\/osknezak.splet.arnes.si\/files\/2025\/01\/ODLOK-O-USTANOVITVI-OS-KNEZAK.pdf\" target=\"_blank\" rel=\"noopener\">ODLOK O USTANOVITVI O\u0160 KNE\u017dAK<\/a><\/p>\n<p><a href=\"https:\/\/osknezak.splet.arnes.si\/files\/2025\/01\/POSLOVNIK-SVETA-STARSEV.pdf\" target=\"_blank\" rel=\"noopener\">POSLOVNIK SVETA STAR\u0160EV<\/a><\/p>\n<p>Vabila:<\/p>\n<p><a href=\"https:\/\/osknezak.splet.arnes.si\/files\/2025\/01\/VABILO-1.-SEJA-SVETA-STARSEV.pdf\" target=\"_blank\" rel=\"noopener\">VABILO 1. SEJA SVETA STAR\u0160EV<\/a><\/p>\n<p><a href=\"https:\/\/osknezak.splet.arnes.si\/files\/2025\/01\/VABILO-2.SEJA-SVETA-STARSEV.pdf\" target=\"_blank\" rel=\"noopener\">VABILO 2. SEJA SVETA STAR\u0160EV<\/a><\/p>\n<p><a href=\"https:\/\/osknezak.splet.arnes.si\/files\/2025\/05\/VABILO-3.-SEJA-SVETA-STARSEV.pdf\" target=\"_blank\" rel=\"noopener\">VABILO 3. SEJA SVETA STAR\u0160EV<\/a><\/p>\n<p>Zapisniki:<\/p>\n<p><a href=\"https:\/\/osknezak.splet.arnes.si\/files\/2025\/01\/zapisnik-1.-seje-sveta-starsev.pdf\" target=\"_blank\" rel=\"noopener\">ZAPISNIK 1. SEJE SVETA STAR\u0160EV<\/a><\/p>\n<p><a href=\"https:\/\/osknezak.splet.arnes.si\/files\/2025\/05\/Zapisnik-2.-seje-sveta-starsev-7.-1.-2025.pdf\" target=\"_blank\" rel=\"noopener\">ZAPISNIK 2. SEJE SVETA STAR\u0160EV<\/a><\/p>\n","protected":false},"excerpt":{"rendered":"<p>Za organizirano uresni\u010devanje interesa star\u0161ev se v javnem vrtcu oziroma \u0161oli oblikuje svet star\u0161ev. Svet star\u0161ev je sestavljen tako, da ima v njem vsak oddelek po enega predstavnika, ki ga star\u0161i izvolijo na roditeljskem sestanku oddelka. Prvi sklic sveta star\u0161ev opravi ravnatelj. ODLOK O USTANOVITVI O\u0160 KNE\u017dAK POSLOVNIK SVETA STAR\u0160EV Vabila: VABILO 1. SEJA SVETA [&hellip;]<\/p>\n","protected":false},"author":3495,"featured_media":0,"parent":0,"menu_order":0,"comment_status":"closed","ping_status":"open","template":"","meta":{"ngg_post_thumbnail":0,"footnotes":""},"class_list":["post-143","page","type-page","status-publish","hentry"],"_links":{"self":[{"href":"https:\/\/osknezak.splet.arnes.si\/index.php?rest_route=\/wp\/v2\/pages\/143","targetHints":{"allow":["GET"]}}],"collection":[{"href":"https:\/\/osknezak.splet.arnes.si\/index.php?rest_route=\/wp\/v2\/pages"}],"about":[{"href":"https:\/\/osknezak.splet.arnes.si\/index.php?rest_route=\/wp\/v2\/types\/page"}],"author":[{"embeddable":true,"href":"https:\/\/osknezak.splet.arnes.si\/index.php?rest_route=\/wp\/v2\/users\/3495"}],"replies":[{"embeddable":true,"href":"https:\/\/osknezak.splet.arnes.si\/index.php?rest_route=%2Fwp%2Fv2%2Fcomments&post=143"}],"version-history":[{"count":14,"href":"https:\/\/osknezak.splet.arnes.si\/index.php?rest_route=\/wp\/v2\/pages\/143\/revisions"}],"predecessor-version":[{"id":10490,"href":"https:\/\/osknezak.splet.arnes.si\/index.php?rest_route=\/wp\/v2\/pages\/143\/revisions\/10490"}],"wp:attachment":[{"href":"https:\/\/osknezak.splet.arnes.si\/index.php?rest_route=%2Fwp%2Fv2%2Fmedia&parent=143"}],"curies":[{"name":"wp","href":"https:\/\/api.w.org\/{rel}","templated":true}]}}