{"id":137,"date":"2015-08-28T23:37:55","date_gmt":"2015-08-28T21:37:55","guid":{"rendered":"http:\/\/osknezak.splet.arnes.si\/?page_id=137"},"modified":"2025-09-17T10:30:21","modified_gmt":"2025-09-17T08:30:21","slug":"govorilne-ure-2","status":"publish","type":"page","link":"https:\/\/osknezak.splet.arnes.si\/?page_id=137","title":{"rendered":"Govorilne ure"},"content":{"rendered":"<p>Govorilne ure so namenjene pravo\u010dasni in sprotni obve\u0161\u010denosti star\u0161ev o napredovanju njihovih otrok. U\u010ditelji se s star\u0161i in u\u010denci pogovorijo o delu otroka v \u0161oli in doma.<\/p>\n<p><a href=\"https:\/\/docs.google.com\/document\/d\/1FWiOjIpsYqhhMg5drSEzFWGfDoyVK13X\/edit?usp=sharing&amp;ouid=102975752323383495056&amp;rtpof=true&amp;sd=true\" target=\"_blank\" rel=\"noopener\">Dopoldanske govorilne ure<\/a><\/p>\n<p>POPOLDANSKE GOVORILNE URE V TEM \u0160OLSKEM LETU- 16h- 17h &nbsp; (vsak prvi torek v mesecu):<\/p>\n<table>\n<tbody>\n<tr>\n<td width=\"152\"><strong>1. ocenjevalno obdobje<\/strong><\/td>\n<td width=\"151\"><strong>2. ocenjevalno obdobje<\/strong><\/td>\n<\/tr>\n<tr>\n<td width=\"152\">7. oktober 2025<\/td>\n<td width=\"151\">3. februar 2026<\/td>\n<\/tr>\n<tr>\n<td width=\"152\">4. november 2025<\/td>\n<td width=\"151\">3. marec 2026<\/td>\n<\/tr>\n<tr>\n<td width=\"152\">2. december 2025<\/td>\n<td width=\"151\">7. april 2026<\/td>\n<\/tr>\n<tr>\n<td width=\"152\">6. januar 2026<\/td>\n<td width=\"151\">5. maj 2026<\/td>\n<\/tr>\n<\/tbody>\n<\/table>\n<p>&nbsp;<\/p>\n","protected":false},"excerpt":{"rendered":"<p>Govorilne ure so namenjene pravo\u010dasni in sprotni obve\u0161\u010denosti star\u0161ev o napredovanju njihovih otrok. U\u010ditelji se s star\u0161i in u\u010denci pogovorijo o delu otroka v \u0161oli in doma. Dopoldanske govorilne ure POPOLDANSKE GOVORILNE URE V TEM \u0160OLSKEM LETU- 16h- 17h &nbsp; (vsak prvi torek v mesecu): 1. ocenjevalno obdobje 2. ocenjevalno obdobje 7. oktober 2025 3. [&hellip;]<\/p>\n","protected":false},"author":3495,"featured_media":0,"parent":0,"menu_order":0,"comment_status":"closed","ping_status":"open","template":"","meta":{"ngg_post_thumbnail":0,"footnotes":""},"class_list":["post-137","page","type-page","status-publish","hentry"],"_links":{"self":[{"href":"https:\/\/osknezak.splet.arnes.si\/index.php?rest_route=\/wp\/v2\/pages\/137","targetHints":{"allow":["GET"]}}],"collection":[{"href":"https:\/\/osknezak.splet.arnes.si\/index.php?rest_route=\/wp\/v2\/pages"}],"about":[{"href":"https:\/\/osknezak.splet.arnes.si\/index.php?rest_route=\/wp\/v2\/types\/page"}],"author":[{"embeddable":true,"href":"https:\/\/osknezak.splet.arnes.si\/index.php?rest_route=\/wp\/v2\/users\/3495"}],"replies":[{"embeddable":true,"href":"https:\/\/osknezak.splet.arnes.si\/index.php?rest_route=%2Fwp%2Fv2%2Fcomments&post=137"}],"version-history":[{"count":14,"href":"https:\/\/osknezak.splet.arnes.si\/index.php?rest_route=\/wp\/v2\/pages\/137\/revisions"}],"predecessor-version":[{"id":10613,"href":"https:\/\/osknezak.splet.arnes.si\/index.php?rest_route=\/wp\/v2\/pages\/137\/revisions\/10613"}],"wp:attachment":[{"href":"https:\/\/osknezak.splet.arnes.si\/index.php?rest_route=%2Fwp%2Fv2%2Fmedia&parent=137"}],"curies":[{"name":"wp","href":"https:\/\/api.w.org\/{rel}","templated":true}]}}