{"id":134,"date":"2015-08-28T23:36:45","date_gmt":"2015-08-28T21:36:45","guid":{"rendered":"http:\/\/osknezak.splet.arnes.si\/?page_id=134"},"modified":"2023-09-20T08:52:32","modified_gmt":"2023-09-20T06:52:32","slug":"vizitka","status":"publish","type":"page","link":"https:\/\/osknezak.splet.arnes.si\/?page_id=134","title":{"rendered":"Vizitka"},"content":{"rendered":"<table border=\"0\" cellspacing=\"3\" cellpadding=\"0\">\n<tbody>\n<tr>\n<td valign=\"top\">NASLOV<\/td>\n<td valign=\"top\"><strong>Kne\u017eak 147 a, 6253 Kne\u017eak<\/strong><\/td>\n<\/tr>\n<tr>\n<td valign=\"top\">RAVNATELJICA<\/td>\n<td valign=\"top\"><em>mag. Klavdija Sotlar<\/em><\/td>\n<\/tr>\n<tr>\n<td valign=\"top\">POSLOVNA SEKRETARKA<\/td>\n<td valign=\"top\"><em>Ana Tom\u0161i\u010d<br \/>\n<\/em><\/td>\n<\/tr>\n<tr>\n<td valign=\"top\">TELEFON RAVNATELJICE<\/td>\n<td valign=\"top\">05\/ 788 20 15<\/td>\n<\/tr>\n<tr>\n<td valign=\"top\">TELEFON TAJNI\u0160TVA<\/td>\n<td valign=\"top\">\n<p>05\/ 788 00 02<\/p>\n<p>041\/376-970<\/td>\n<\/tr>\n<tr>\n<td valign=\"top\">TELEFAX<\/td>\n<td valign=\"top\">05\/ 788 20 16<\/td>\n<\/tr>\n<tr>\n<td valign=\"top\">E-NASLOV<\/td>\n<td valign=\"top\"><a href=\"mailto:o-ttknezak.po@guest.arnes.si\"><span style=\"color: #0066cc\">o-ttknezak.po@guest.arnes.si<\/span><\/a> Ta e-po\u0161tni naslov je za\u0161\u010diten proti smetenju. \u010ce ga \u017eelite videti, omogo\u010dite Javascript.<\/td>\n<\/tr>\n<tr>\n<td valign=\"top\">SPLETNA STRAN<\/td>\n<td valign=\"top\"><a href=\"http:\/\/www.os-knezak.si\/undefined\/\"><span style=\"color: #0066cc\">http:\/\/www.os-knezak.si<\/span><\/a><\/td>\n<\/tr>\n<tr>\n<td valign=\"top\">PODRA\u010cUN<\/td>\n<td valign=\"top\">SI56 0110 0600 8374 033<\/td>\n<\/tr>\n<tr>\n<td valign=\"top\">MATI\u010cNA \u0160TEVILKA<\/td>\n<td valign=\"top\">5 083 796 000<\/td>\n<\/tr>\n<tr>\n<td valign=\"top\">DAV\u010cNA \u0160TEVILKA<\/td>\n<td valign=\"top\">SI46 127 356<\/td>\n<\/tr>\n<\/tbody>\n<\/table>\n<p align=\"center\">&nbsp;<\/p>\n","protected":false},"excerpt":{"rendered":"<p>NASLOV Kne\u017eak 147 a, 6253 Kne\u017eak RAVNATELJICA mag. Klavdija Sotlar POSLOVNA SEKRETARKA Ana Tom\u0161i\u010d TELEFON RAVNATELJICE 05\/ 788 20 15 TELEFON TAJNI\u0160TVA 05\/ 788 00 02 041\/376-970 TELEFAX 05\/ 788 20 16 E-NASLOV o-ttknezak.po@guest.arnes.si Ta e-po\u0161tni naslov je za\u0161\u010diten proti smetenju. \u010ce ga \u017eelite videti, omogo\u010dite Javascript. SPLETNA STRAN http:\/\/www.os-knezak.si PODRA\u010cUN SI56 0110 0600 8374 [&hellip;]<\/p>\n","protected":false},"author":3495,"featured_media":0,"parent":0,"menu_order":0,"comment_status":"closed","ping_status":"open","template":"","meta":{"ngg_post_thumbnail":0,"footnotes":""},"class_list":["post-134","page","type-page","status-publish","hentry"],"_links":{"self":[{"href":"https:\/\/osknezak.splet.arnes.si\/index.php?rest_route=\/wp\/v2\/pages\/134","targetHints":{"allow":["GET"]}}],"collection":[{"href":"https:\/\/osknezak.splet.arnes.si\/index.php?rest_route=\/wp\/v2\/pages"}],"about":[{"href":"https:\/\/osknezak.splet.arnes.si\/index.php?rest_route=\/wp\/v2\/types\/page"}],"author":[{"embeddable":true,"href":"https:\/\/osknezak.splet.arnes.si\/index.php?rest_route=\/wp\/v2\/users\/3495"}],"replies":[{"embeddable":true,"href":"https:\/\/osknezak.splet.arnes.si\/index.php?rest_route=%2Fwp%2Fv2%2Fcomments&post=134"}],"version-history":[{"count":6,"href":"https:\/\/osknezak.splet.arnes.si\/index.php?rest_route=\/wp\/v2\/pages\/134\/revisions"}],"predecessor-version":[{"id":9542,"href":"https:\/\/osknezak.splet.arnes.si\/index.php?rest_route=\/wp\/v2\/pages\/134\/revisions\/9542"}],"wp:attachment":[{"href":"https:\/\/osknezak.splet.arnes.si\/index.php?rest_route=%2Fwp%2Fv2%2Fmedia&parent=134"}],"curies":[{"name":"wp","href":"https:\/\/api.w.org\/{rel}","templated":true}]}}