{"id":131,"date":"2015-08-28T23:33:33","date_gmt":"2015-08-28T21:33:33","guid":{"rendered":"http:\/\/osknezak.splet.arnes.si\/?page_id=131"},"modified":"2015-09-02T09:24:04","modified_gmt":"2015-09-02T07:24:04","slug":"svetovalna-sluzba","status":"publish","type":"page","link":"https:\/\/osknezak.splet.arnes.si\/?page_id=131","title":{"rendered":"Svetovalna slu\u017eba"},"content":{"rendered":"<p>Glavna podro\u010dja dela \u0161olske svetovalne slu\u017ebe so dolo\u010dena z Zakonom o organizaciji in financiranju vzgoje in izobra\u017eevanja in z Zakonom o osnovni \u0161oli. Nekatere naloge svetovalni delavec opravlja samostojno, druge v sodelovanju z u\u010ditelji, vodstvom \u0161ole in drugimi strokovnimi delavci.<\/p>\n<p>Svetovalna slu\u017eba se vklju\u010duje v celovito re\u0161evanje pedago\u0161kih, psiholo\u0161kih in socialnih vpra\u0161anj v \u0161oli preko treh osnovnih vrst dejavnosti svetovalne slu\u017ebe:<br \/>\n&#8211;\u00a0\u00a0\u00a0 dejavnosti pomo\u010di<br \/>\n&#8211;\u00a0\u00a0\u00a0 razvojnih in preventivnih dejavnosti<br \/>\n&#8211;\u00a0\u00a0\u00a0 dejavnosti na\u010drtovanja in evalvacije<\/p>\n<p>\u0160olska svetovalna slu\u017eba u\u010dence spremlja od vpisa v prvi razred do prehoda iz osnovne v srednjo \u0161olo. Svetujemo jim pri u\u010dnih, osebnih in drugih te\u017eavah, ki jih sami ne znajo re\u0161iti.<\/p>\n<p>Posebna skrb je namenjena u\u010dencem s posebnimi potrebami, ki so usmerjeni v program s prilagojenim izvajanjem in dodatno strokovno pomo\u010djo. Tem u\u010dencem se prilagodijo metode in oblike dela, organizacija, na\u010din preverjanja in ocenjevanja znanja, napredovanje in \u010dasovna razporeditev pouka. Dodatno strokovno pomo\u010d na na\u0161i \u0161oli izvajamo pedagoginja, logopedinja in psihologinja.<\/p>\n<p>Za otroke z u\u010dnimi te\u017eavami je poleg dopolnilnega pouka in prilagajanja metod in oblik dela v okviru pouka, na \u0161oli organizirana tudi individualna in skupinska u\u010dna pomo\u010d.<\/p>\n<p>Posebno pozornost pa namenjamo tudi nadarjenim u\u010dencem, ki prav tako potrebujejo njim prilagojen pouk in dejavnosti, da bi lahko razvijali svoje sposobnosti. \u0160ola jim prilagodi metode in oblike dela ter jim omogo\u010di vklju\u010ditev v dodatni pouk. Nadarjene u\u010dence spodbujamo k aktivnemu sodelovanju pri projektih.<\/p>\n<p>Poleg svetovalnega dela zajema na\u0161e podro\u010dje tudi subvencioniranje \u0161ole v naravi in \u0161olske prehrane. Pri re\u0161evanju socialno-ekonomskih stisk sodelujemo s centri za socialno delo, Rde\u010dim kri\u017eem, Karitasom, Zvezo prijateljev mladine Slovenije,\u2026<br \/>\nSvetovalna slu\u017eba nudi otrokom in star\u0161em pomo\u010d pri premagovanju te\u017eav, na katere naletijo med \u0161olanjem. Pri svetovalni delavki se lahko oglasijo po nasvet:<br \/>\nU\u010cENCI<br \/>\n\u2022\u00a0\u00a0\u00a0 ko imajo te\u017eave pri u\u010denju,<br \/>\n\u2022\u00a0\u00a0\u00a0 imajo te\u017eave pri odnosih z vrstniki, u\u010ditelji ali star\u0161i,<br \/>\n\u2022\u00a0\u00a0\u00a0 ko potrebujejo nekoga za pogovor,<br \/>\n\u2022\u00a0\u00a0\u00a0 ob odlo\u010danju o svoji poklicni poti,<br \/>\n\u2022\u00a0\u00a0\u00a0 ko potrebujejo nasvet\u2026<br \/>\nSTAR\u0160I<br \/>\n\u2022\u00a0\u00a0\u00a0 ko \u017eelijo otroku pomagati pri re\u0161evanju u\u010dnih ali vzgojnih te\u017eav,<br \/>\n\u2022\u00a0\u00a0\u00a0 ko otroci v \u0161oli naletijo na ovire, te\u017eave,<br \/>\n\u2022\u00a0\u00a0\u00a0 pri vpisu v 1. razred,<br \/>\n\u2022\u00a0\u00a0\u00a0 pri izbiri poklicne poti,<br \/>\n\u2022\u00a0\u00a0\u00a0 ko potrebujete pomo\u010d,<br \/>\n\u2022\u00a0\u00a0\u00a0 v zvezi s subvencioniranjem \u0161olske prehrane ali \u0161ole v naravi.<\/p>\n","protected":false},"excerpt":{"rendered":"<p>Glavna podro\u010dja dela \u0161olske svetovalne slu\u017ebe so dolo\u010dena z Zakonom o organizaciji in financiranju vzgoje in izobra\u017eevanja in z Zakonom o osnovni \u0161oli. Nekatere naloge svetovalni delavec opravlja samostojno, druge v sodelovanju z u\u010ditelji, vodstvom \u0161ole in drugimi strokovnimi delavci. Svetovalna slu\u017eba se vklju\u010duje v celovito re\u0161evanje pedago\u0161kih, psiholo\u0161kih in socialnih vpra\u0161anj v \u0161oli preko [&hellip;]<\/p>\n","protected":false},"author":3495,"featured_media":0,"parent":0,"menu_order":0,"comment_status":"closed","ping_status":"open","template":"","meta":{"ngg_post_thumbnail":0,"footnotes":""},"class_list":["post-131","page","type-page","status-publish","hentry"],"_links":{"self":[{"href":"https:\/\/osknezak.splet.arnes.si\/index.php?rest_route=\/wp\/v2\/pages\/131","targetHints":{"allow":["GET"]}}],"collection":[{"href":"https:\/\/osknezak.splet.arnes.si\/index.php?rest_route=\/wp\/v2\/pages"}],"about":[{"href":"https:\/\/osknezak.splet.arnes.si\/index.php?rest_route=\/wp\/v2\/types\/page"}],"author":[{"embeddable":true,"href":"https:\/\/osknezak.splet.arnes.si\/index.php?rest_route=\/wp\/v2\/users\/3495"}],"replies":[{"embeddable":true,"href":"https:\/\/osknezak.splet.arnes.si\/index.php?rest_route=%2Fwp%2Fv2%2Fcomments&post=131"}],"version-history":[{"count":2,"href":"https:\/\/osknezak.splet.arnes.si\/index.php?rest_route=\/wp\/v2\/pages\/131\/revisions"}],"predecessor-version":[{"id":201,"href":"https:\/\/osknezak.splet.arnes.si\/index.php?rest_route=\/wp\/v2\/pages\/131\/revisions\/201"}],"wp:attachment":[{"href":"https:\/\/osknezak.splet.arnes.si\/index.php?rest_route=%2Fwp%2Fv2%2Fmedia&parent=131"}],"curies":[{"name":"wp","href":"https:\/\/api.w.org\/{rel}","templated":true}]}}