{"id":128,"date":"2015-08-28T23:33:18","date_gmt":"2015-08-28T21:33:18","guid":{"rendered":"http:\/\/osknezak.splet.arnes.si\/?page_id=128"},"modified":"2017-10-03T13:36:19","modified_gmt":"2017-10-03T11:36:19","slug":"solski-sklad","status":"publish","type":"page","link":"https:\/\/osknezak.splet.arnes.si\/?page_id=128","title":{"rendered":"\u0160olski sklad"},"content":{"rendered":"<p>V \u0161olskem letu 2005\/06 (23. februarja 2006) je bil v Svetu \u0161ole sprejet sklep o ustanovitvi \u0161olskega sklada. \u0160ole sklade ustanavljajo zato, da zberejo sredstva za nadstandarne programe in za pomo\u010d socialno ogro\u017eenim otrokom.<\/p>\n<p>Upravni odbor sklada sestavljajo predstavniki star\u0161ev in predstavniki delavcev \u0161ole. Predsednik Upravnega odbora sklada je ga. Kristina \u010cerna\u010d, namestnica pa ga. Vanja Delost.<\/p>\n","protected":false},"excerpt":{"rendered":"<p>V \u0161olskem letu 2005\/06 (23. februarja 2006) je bil v Svetu \u0161ole sprejet sklep o ustanovitvi \u0161olskega sklada. \u0160ole sklade ustanavljajo zato, da zberejo sredstva za nadstandarne programe in za pomo\u010d socialno ogro\u017eenim otrokom. Upravni odbor sklada sestavljajo predstavniki star\u0161ev in predstavniki delavcev \u0161ole. Predsednik Upravnega odbora sklada je ga. Kristina \u010cerna\u010d, namestnica pa ga. [&hellip;]<\/p>\n","protected":false},"author":3495,"featured_media":0,"parent":0,"menu_order":0,"comment_status":"closed","ping_status":"open","template":"","meta":{"ngg_post_thumbnail":0,"footnotes":""},"class_list":["post-128","page","type-page","status-publish","hentry"],"_links":{"self":[{"href":"https:\/\/osknezak.splet.arnes.si\/index.php?rest_route=\/wp\/v2\/pages\/128","targetHints":{"allow":["GET"]}}],"collection":[{"href":"https:\/\/osknezak.splet.arnes.si\/index.php?rest_route=\/wp\/v2\/pages"}],"about":[{"href":"https:\/\/osknezak.splet.arnes.si\/index.php?rest_route=\/wp\/v2\/types\/page"}],"author":[{"embeddable":true,"href":"https:\/\/osknezak.splet.arnes.si\/index.php?rest_route=\/wp\/v2\/users\/3495"}],"replies":[{"embeddable":true,"href":"https:\/\/osknezak.splet.arnes.si\/index.php?rest_route=%2Fwp%2Fv2%2Fcomments&post=128"}],"version-history":[{"count":4,"href":"https:\/\/osknezak.splet.arnes.si\/index.php?rest_route=\/wp\/v2\/pages\/128\/revisions"}],"predecessor-version":[{"id":1911,"href":"https:\/\/osknezak.splet.arnes.si\/index.php?rest_route=\/wp\/v2\/pages\/128\/revisions\/1911"}],"wp:attachment":[{"href":"https:\/\/osknezak.splet.arnes.si\/index.php?rest_route=%2Fwp%2Fv2%2Fmedia&parent=128"}],"curies":[{"name":"wp","href":"https:\/\/api.w.org\/{rel}","templated":true}]}}