{"id":104,"date":"2015-08-28T23:31:52","date_gmt":"2015-08-28T21:31:52","guid":{"rendered":"http:\/\/osknezak.splet.arnes.si\/?page_id=104"},"modified":"2023-09-12T09:31:18","modified_gmt":"2023-09-12T07:31:18","slug":"o-soli","status":"publish","type":"page","link":"https:\/\/osknezak.splet.arnes.si\/?page_id=104","title":{"rendered":"O \u0161oli"},"content":{"rendered":"<p><span style=\"color: #008000\"><strong>O \u0161oli<\/strong><\/span><\/p>\n<div class=\"art-postheadericons art-metadata-icons\">&nbsp;<\/div>\n<div class=\"art-postcontent\">\n<div class=\"art-article\">\n<p>Ustanovitelj \u0161ole je Ob\u010dina Ilirska Bistrica.&nbsp; Odlok o ustanovitvi, usklajen z novo \u0161olsko zakonodajo, je bil sprejet 26. aprila 1997 ter objavljen v Uradnem listu RS,&nbsp; \u0161t. 33 \/ 97 in spremembe.<br \/>\nOdlo\u010dbo o vpisu v razvid izvajalcev javno veljavnih programov vzgoje in izobra\u017eevanja je izdalo Ministrstvo za \u0161olstvo, znanost in \u0161port 7. septembra 2001.<\/p>\n<\/div>\n<p><strong><span style=\"color: #008000\">Zgodovina \u0161ole<\/span><\/strong><\/p>\n<p><strong>ZA\u010cETKI \u0160OLSTVA V KNE\u017dAKU<\/strong><\/p>\n<p>Priprave na organizirano \u0161olstvo v Kne\u017eaku segajo v leto 1853. Takrat so se zbrali \u017eupani in pomembni mo\u017eje iz vasi Kne\u017eak, Ba\u010d in Koritnice (med njimi tudi gra\u0161\u010dak Miroslav Vilhar) ter se obvezali, da bodo prispevali za pla\u010do u\u010ditelja, ki bo pou\u010deval njihove otroke. Ta znesek si bodo vasi razdelile sorazmerno s \u0161tevilom hi\u0161 v vasi. Od priprav do za\u010detka pouka pa je preteklo kar nekaj \u010dasa. V Kne\u017eak je pri\u0161el novi u\u010ditelj z Vrhnike in za\u010del z delom 16. novembra 1859. Od tega \u010dasa naprej je \u0161ola v Kne\u017eaku do\u017eivljala razli\u010dne organizacijske spremembe. \u010ceprav ji \u010dasi niti pogoji za delo niso bili vedno naklonjeni, je obstala in deluje \u0161e dandanes.<\/p>\n<p><a href=\"http:\/\/osknezak.splet.arnes.si\/files\/2015\/08\/sola1.jpg\"><img loading=\"lazy\" decoding=\"async\" class=\"alignnone size-full wp-image-180\" src=\"http:\/\/osknezak.splet.arnes.si\/files\/2015\/08\/sola1.jpg\" alt=\"sola1\" width=\"280\" height=\"190\"><\/a><\/p>\n<p><strong>ZA\u010cETKI GRADNJE NOVE \u0160OLE<\/strong><\/p>\n<p>Po kon\u010dani 2. svetovni vojni je bila \u0161olska stavba v klavrnem stanju, primanjkovalo je \u0161olske opreme, vendar je pouk stekel. Problem neprimernih \u0161olskih prostorov se je vlekel v petdeseta in \u0161estdeseta leta 20. stoletja. \u00bbDenar v fondu za novo \u0161olo je dosegel vi\u0161ino zneska, potrebnega za posojilo&#8230; \u0160ola se bo prav gotovo za\u010dela graditi. Lokacija je \u017ee dokon\u010dno dolo\u010dena in sicer bo \u0161ola stala na pobo\u010dju takoj po zadnji hi\u0161i v Kne\u017eaku ob cesti proti Ba\u010du.\u00ab stoji zapisano in pod\u010drtano v \u0161olski kroniki. Za novo \u0161olo in akcijo zbiranja sredstev za njeno gradnjo so se za\u010deli zanimati tudi kne\u0161ki izseljenci iz Amerike, ki so bili na obisku v doma\u010dih krajih. Dolgoletna \u017eelja po bolj\u0161ih delovnih in u\u010dnih pogojih v primernej\u0161em \u0161olskem objektu se je za\u010dela uresni\u010devati. Dne, 11. decembra 1966 je bil sklican referendum za samoprispevek za gradnjo nove \u0161olFza\u010del ske stavbe v Kne\u017eaku. Kar 52,66% vseh volivcev v ob\u010dini se je odlo\u010dilo za samoprispevek v podporo novi \u0161oli v Kne\u017eaku. In tako se je za\u010delo.<\/p>\n<p><a href=\"http:\/\/osknezak.splet.arnes.si\/files\/2015\/08\/sola2.jpg\"><img loading=\"lazy\" decoding=\"async\" class=\"alignnone size-full wp-image-181\" src=\"http:\/\/osknezak.splet.arnes.si\/files\/2015\/08\/sola2.jpg\" alt=\"sola2\" width=\"280\" height=\"184\"><\/a><\/p>\n<p><strong>ZA\u010cETEK POUKA V NOVI \u0160OLI<\/strong><\/p>\n<p>Dne, 10. novembra 1969 je bil prvi dan pouka v novi \u0161olski zgradbi. V prvem in naslednjih letih so vsi skupaj ugotavljali, da je zasnova stavbe za te kraje neprimerna. Skozi ravno streho je voda pritekla v telovadnico in ostale prostore. Velika okenska stekla so za\u010dela pokati. Po desetih letih je bilo potrebno postaviti leseno stre\u0161no konstrukcijo, ki je omilila nastale te\u017eave. V vseh naslednjih letih pisci kronike navajajo problem \u00bbponesre\u010dene zgradbe\u00ab postavljene na piv\u0161ki burji in prepihu. Kljub vsem pomanjkljivostim pa ugotavljajo, da delo v novi stavbi prina\u0161a zadovoljstvo tako u\u010dencem kot u\u010diteljem.<\/p>\n<p>V \u0161olskem letu 1969\/70 je \u0161olo obiskovalo 172 u\u010dencev. V \u0161olskem letu 2004\/05, po petintridesetih letih delovanja, je ima \u0161ola 79 u\u010dencev. \u0160tevilka se je ve\u010d kot prepolovila. Podobne razmere so bile v marsikateri \u0161oli v dr\u017eavi, saj je \u0161tevilo rojstev v dr\u017eavi upadalo. \u0160olska stavba je v teh letih kljub temu pridobila novo streho, okna in fasado na ju\u017eni strani, centralno kurjavo na kurilno olje in \u0161e marsikaj drugega. V letu 2004 je Krajevna skupnost Kne\u017eak v sodelovanju z ob\u010dino Ilirska Bistrica za\u010dela z urejanjem \u0161olskega \u0161portnega igri\u0161\u010da in okolice \u0161ole. V letu 2006 je nove prostore pridobil vzgojno varstveni oddelek, povsem obnovljena pa je bila \u0161olska kuhinja.<\/p>\n<p><strong>\u0160OLA DANES<\/strong><\/p>\n<p>V poletnih mesecih 2009 je \u0161ola dobila novo podobo. Barvita fasada pastelnih barv in dokon\u010dna menjava vseh oken dajeta \u0161oli toplino in doma\u010dnost. V prizidku, ki je bil dokon\u010dan v jeseni 2010, pa je \u0161ola pridobila \u0161e dodatne prostore za pred\u0161olsko vzgojo. Poleti 2017 smo dobili \u0161e prizidek k \u0161oli.<\/p>\n<p>V \u0161olskem letu 2023\/24 \u0161olo obiskuje 126 u\u010dencev, oblikovanih je 9 samostojnih oddelkov, trije oddelki podalj\u0161anega bivanja in \u0161tirje oddelki pred\u0161olske vzgoje. Pouk po predmetniku poteka v eni izmeni.<\/p>\n<p><a href=\"http:\/\/osknezak.splet.arnes.si\/files\/2015\/08\/ola3.jpg\"><img loading=\"lazy\" decoding=\"async\" class=\"alignnone size-full wp-image-182\" src=\"http:\/\/osknezak.splet.arnes.si\/files\/2015\/08\/ola3.jpg\" alt=\"__ola3\" width=\"267\" height=\"200\"><\/a><\/p>\n<\/div>\n","protected":false},"excerpt":{"rendered":"<p>O \u0161oli &nbsp; Ustanovitelj \u0161ole je Ob\u010dina Ilirska Bistrica.&nbsp; Odlok o ustanovitvi, usklajen z novo \u0161olsko zakonodajo, je bil sprejet 26. aprila 1997 ter objavljen v Uradnem listu RS,&nbsp; \u0161t. 33 \/ 97 in spremembe. Odlo\u010dbo o vpisu v razvid izvajalcev javno veljavnih programov vzgoje in izobra\u017eevanja je izdalo Ministrstvo za \u0161olstvo, znanost in \u0161port [&hellip;]<\/p>\n","protected":false},"author":3495,"featured_media":0,"parent":0,"menu_order":0,"comment_status":"closed","ping_status":"open","template":"","meta":{"ngg_post_thumbnail":0,"footnotes":""},"class_list":["post-104","page","type-page","status-publish","hentry"],"_links":{"self":[{"href":"https:\/\/osknezak.splet.arnes.si\/index.php?rest_route=\/wp\/v2\/pages\/104","targetHints":{"allow":["GET"]}}],"collection":[{"href":"https:\/\/osknezak.splet.arnes.si\/index.php?rest_route=\/wp\/v2\/pages"}],"about":[{"href":"https:\/\/osknezak.splet.arnes.si\/index.php?rest_route=\/wp\/v2\/types\/page"}],"author":[{"embeddable":true,"href":"https:\/\/osknezak.splet.arnes.si\/index.php?rest_route=\/wp\/v2\/users\/3495"}],"replies":[{"embeddable":true,"href":"https:\/\/osknezak.splet.arnes.si\/index.php?rest_route=%2Fwp%2Fv2%2Fcomments&post=104"}],"version-history":[{"count":8,"href":"https:\/\/osknezak.splet.arnes.si\/index.php?rest_route=\/wp\/v2\/pages\/104\/revisions"}],"predecessor-version":[{"id":9529,"href":"https:\/\/osknezak.splet.arnes.si\/index.php?rest_route=\/wp\/v2\/pages\/104\/revisions\/9529"}],"wp:attachment":[{"href":"https:\/\/osknezak.splet.arnes.si\/index.php?rest_route=%2Fwp%2Fv2%2Fmedia&parent=104"}],"curies":[{"name":"wp","href":"https:\/\/api.w.org\/{rel}","templated":true}]}}